{"id":297,"date":"2024-03-08T17:34:08","date_gmt":"2024-03-08T20:34:08","guid":{"rendered":"https:\/\/www.fae.ufmg.br\/lecampo\/?page_id=297"},"modified":"2024-03-08T18:23:57","modified_gmt":"2024-03-08T21:23:57","slug":"elementor-297","status":"publish","type":"page","link":"https:\/\/www.fae.ufmg.br\/lecampo\/elementor-297\/","title":{"rendered":"Colegiado e NDE"},"content":{"rendered":"\t\t<div data-elementor-type=\"wp-page\" data-elementor-id=\"297\" class=\"elementor elementor-297\">\n\t\t\t\t\t\t\t\t\t<section class=\"elementor-section elementor-top-section elementor-element elementor-element-bbd25fe elementor-section-boxed elementor-section-height-default elementor-section-height-default\" data-id=\"bbd25fe\" data-element_type=\"section\">\n\t\t\t\t\t\t<div class=\"elementor-container elementor-column-gap-default\">\n\t\t\t\t\t<div class=\"elementor-column elementor-col-100 elementor-top-column elementor-element elementor-element-ff6acf8\" data-id=\"ff6acf8\" data-element_type=\"column\">\n\t\t\t<div class=\"elementor-widget-wrap elementor-element-populated\">\n\t\t\t\t\t\t\t\t<div class=\"elementor-element elementor-element-97988c4 elementor-widget elementor-widget-text-editor\" data-id=\"97988c4\" data-element_type=\"widget\" data-widget_type=\"text-editor.default\">\n\t\t\t\t<div class=\"elementor-widget-container\">\n\t\t\t<style>\/*! elementor - v3.6.2 - 04-04-2022 *\/\n.elementor-widget-text-editor.elementor-drop-cap-view-stacked .elementor-drop-cap{background-color:#818a91;color:#fff}.elementor-widget-text-editor.elementor-drop-cap-view-framed .elementor-drop-cap{color:#818a91;border:3px solid;background-color:transparent}.elementor-widget-text-editor:not(.elementor-drop-cap-view-default) .elementor-drop-cap{margin-top:8px}.elementor-widget-text-editor:not(.elementor-drop-cap-view-default) .elementor-drop-cap-letter{width:1em;height:1em}.elementor-widget-text-editor .elementor-drop-cap{float:left;text-align:center;line-height:1;font-size:50px}.elementor-widget-text-editor .elementor-drop-cap-letter{display:inline-block}<\/style>\t\t\t\t<h6>Colegiado do Curso de Licenciatura em Educa\u00e7\u00e3o do Campo<\/h6>\n<ul>\n<li>Profa. Dra. Ana Paula Giavara (coordenadora)<\/li>\n<li>Prof. Dr. Filipe Santos Fernandes (subcoordenador)<\/li>\n<li>Prof. Dr. Carlos Augusto Novais (representante L\u00edngua, Artes e Literatura)<\/li>\n<li>Prof. Dr. Elias Evangelista Gomes (representante&nbsp;Ci\u00eancias Sociais e Humanidades)<\/li>\n<li>Prof. Dr. Luis Gustavo D\u2019Carlos Barbosa (representante Ci\u00eancias da Vida e da Natureza)<\/li>\n<li>Profa. Dra. Maria da Concei\u00e7\u00e3o Ferreira Reis Fonseca (representante&nbsp;Matem\u00e1tica)<\/li>\n<li>Profa. Dra. Maria de F\u00e1tima Almeida Martins (representante DMTE)<\/li>\n<li>Profa. Dra. Maria Isabel Antunes Rocha (representante DECAE)<\/li>\n<li>Prof. Dr. Sandro Vin\u00edcius Sales dos Santos (representante DAE)<\/li>\n<\/ul>\n<div>&nbsp;<\/div>\n<div>\n<h6 style=\"font-weight: var(--fontWeight);font-size: var(--fontSize);text-align: start;line-height: var(--lineHeight);font-family: var(--fontFamily);font-style: normal;letter-spacing: normal;text-transform: none\">N\u00facleo Docente Estruturante (NDE)<\/h6>\n<ul style=\"margin-bottom: var(--contentSpacing);font-size: 16px;text-align: start\">\n<li style=\"margin-bottom: var(--listItemSpacing)\">Profa. Dra. Ana Paula Giavara (presidente)<\/li><li style=\"margin-bottom: var(--listItemSpacing)\">Prof. Dr. Carlos Augusto Novais<\/li><li style=\"margin-bottom: var(--listItemSpacing)\">Prof. Dr. Filipe Santos Fernandes<\/li><li style=\"margin-bottom: var(--listItemSpacing)\">Profa. Dra. Maria de F\u00e1tima Almeida Martins<br><\/li><li style=\"margin-bottom: var(--listItemSpacing)\">Profa. Dra. Penha das Dores Souza Silva<\/li>\n<\/ul>\n<\/div>\t\t\t\t\t\t<\/div>\n\t\t\t\t<\/div>\n\t\t\t\t\t<\/div>\n\t\t<\/div>\n\t\t\t\t\t\t\t<\/div>\n\t\t<\/section>\n\t\t\t\t\t\t\t<\/div>\n\t\t","protected":false},"excerpt":{"rendered":"<p>Colegiado do Curso de Licenciatura em Educa\u00e7\u00e3o do Campo Profa. Dra. Ana Paula Giavara (coordenadora) Prof. Dr. Filipe Santos Fernandes (subcoordenador) Prof. Dr. Carlos Augusto Novais (representante L\u00edngua, Artes e Literatura) Prof. Dr. Elias Evangelista Gomes (representante&nbsp;Ci\u00eancias Sociais e Humanidades) Prof. Dr. Luis Gustavo D\u2019Carlos Barbosa (representante Ci\u00eancias da Vida e da Natureza) Profa. Dra. Maria da Concei\u00e7\u00e3o Ferreira Reis Fonseca (representante&nbsp;Matem\u00e1tica) Profa. Dra. Maria de F\u00e1tima Almeida Martins (representante DMTE) Profa. Dra. Maria Isabel Antunes Rocha (representante DECAE) Prof. Dr. Sandro Vin\u00edcius Sales dos Santos (representante DAE) &nbsp; N\u00facleo Docente Estruturante (NDE) Profa. Dra. Ana Paula Giavara (presidente) Prof.\u2026<\/p>\n","protected":false},"author":35,"featured_media":0,"parent":0,"menu_order":0,"comment_status":"closed","ping_status":"closed","template":"","meta":[],"blocksy_meta":{"styles_descriptor":{"styles":{"desktop":"","tablet":"","mobile":""},"google_fonts":[]}},"_links":{"self":[{"href":"https:\/\/www.fae.ufmg.br\/lecampo\/wp-json\/wp\/v2\/pages\/297"}],"collection":[{"href":"https:\/\/www.fae.ufmg.br\/lecampo\/wp-json\/wp\/v2\/pages"}],"about":[{"href":"https:\/\/www.fae.ufmg.br\/lecampo\/wp-json\/wp\/v2\/types\/page"}],"author":[{"embeddable":true,"href":"https:\/\/www.fae.ufmg.br\/lecampo\/wp-json\/wp\/v2\/users\/35"}],"replies":[{"embeddable":true,"href":"https:\/\/www.fae.ufmg.br\/lecampo\/wp-json\/wp\/v2\/comments?post=297"}],"version-history":[{"count":11,"href":"https:\/\/www.fae.ufmg.br\/lecampo\/wp-json\/wp\/v2\/pages\/297\/revisions"}],"predecessor-version":[{"id":311,"href":"https:\/\/www.fae.ufmg.br\/lecampo\/wp-json\/wp\/v2\/pages\/297\/revisions\/311"}],"wp:attachment":[{"href":"https:\/\/www.fae.ufmg.br\/lecampo\/wp-json\/wp\/v2\/media?parent=297"}],"curies":[{"name":"wp","href":"https:\/\/api.w.org\/{rel}","templated":true}]}}