{"id":701,"date":"2022-04-13T18:01:48","date_gmt":"2022-04-13T21:01:48","guid":{"rendered":"https:\/\/www.fae.ufmg.br\/biblioteca\/?page_id=701"},"modified":"2022-04-19T19:37:38","modified_gmt":"2022-04-19T22:37:38","slug":"2016-2","status":"publish","type":"page","link":"https:\/\/www.fae.ufmg.br\/biblioteca\/recursos-online\/monografias-do-fiei\/2016-2\/","title":{"rendered":"2016"},"content":{"rendered":"\n<p><strong>Trabalhos de conclus\u00e3o de curso dos alunos do curso de Forma\u00e7\u00e3o Intercultural de Educadores Ind\u00edgenas (FIEI) ano de 2016<\/strong><\/p>\n\n\n\n<p>ABREU, Jan Carlos Pinheiro de.&nbsp;<strong>Cantos tradicionais do povo Xakriab\u00e1<\/strong>. 2016. 53 f. Trabalho de Conclus\u00e3o de Curso (Licenciatura)\u2013Faculdade de Educa\u00e7\u00e3o, Universidade Federal de Minas Gerais, Belo Horizonte, 2016. Habilita\u00e7\u00e3o em L\u00ednguas, Artes e Literatura. <a href=\"https:\/\/www.biblio.fae.ufmg.br\/monografias\/2016\/jan%20carlos%20pinheiro%20de%20abreu.pdf\"><br><\/a><a href=\"https:\/\/www.fae.ufmg.br\/biblioteca\/wp-content\/uploads\/sites\/7\/2022\/04\/jan-carlos-pinheiro-de-abreu.pdf\" data-type=\"URL\" data-id=\"https:\/\/www.fae.ufmg.br\/biblioteca\/wp-content\/uploads\/sites\/7\/2022\/04\/jan-carlos-pinheiro-de-abreu.pdf\" target=\"_blank\" rel=\"noreferrer noopener\"><img loading=\"lazy\" width=\"50\" height=\"50\" src=\"https:\/\/www.biblio.fae.ufmg.br\/monografias\/pdf-download-icon.gif\"><\/a><\/p>\n\n\n\n<p>ALMEIDA, Emanilson Braz de.&nbsp;<strong>A educa\u00e7\u00e3o ind\u00edgena e a linguagem teatral<\/strong>: as narrativas orais do povo Patax\u00f3 na Aldeia Boca da Mata. 2016. 47 f. Trabalho de Conclus\u00e3o de Curso (Licenciatura)\u2013Faculdade de Educa\u00e7\u00e3o, Universidade Federal de Minas Gerais, Belo Horizonte, 2016. Habilita\u00e7\u00e3o em L\u00ednguas, Artes e Literatura. <a href=\"https:\/\/www.biblio.fae.ufmg.br\/monografias\/2016\/emanilson%20braz%20de%20almeida.pdf\"><br><\/a><a href=\"https:\/\/www.fae.ufmg.br\/biblioteca\/wp-content\/uploads\/sites\/7\/2022\/04\/emanilson-braz-de-almeida.pdf\" data-type=\"URL\" data-id=\"https:\/\/www.fae.ufmg.br\/biblioteca\/wp-content\/uploads\/sites\/7\/2022\/04\/emanilson-braz-de-almeida.pdf\" target=\"_blank\" rel=\"noreferrer noopener\"><img loading=\"lazy\" width=\"50\" height=\"50\" src=\"https:\/\/www.biblio.fae.ufmg.br\/monografias\/pdf-download-icon.gif\"><\/a><\/p>\n\n\n\n<p>ALVES, Tary Ferreira.&nbsp;<strong>Hist\u00f3rias de lugares sagrados<\/strong>. 2016. 47 f. Trabalho de Conclus\u00e3o de Curso (Licenciatura)\u2013Faculdade de Educa\u00e7\u00e3o, Universidade Federal de Minas Gerais, Belo Horizonte, 2016. Habilita\u00e7\u00e3o em L\u00ednguas, Artes e Literatura. <a href=\"https:\/\/www.biblio.fae.ufmg.br\/monografias\/2016\/jan%20carlos%20pinheiro%20de%20abreu.pdf\"><br><\/a><a href=\"https:\/\/www.fae.ufmg.br\/biblioteca\/wp-content\/uploads\/sites\/7\/2022\/04\/tary-ferreira-alves.pdf\" data-type=\"URL\" data-id=\"https:\/\/www.fae.ufmg.br\/biblioteca\/wp-content\/uploads\/sites\/7\/2022\/04\/tary-ferreira-alves.pdf\" target=\"_blank\" rel=\"noreferrer noopener\"><img loading=\"lazy\" width=\"50\" height=\"50\" src=\"https:\/\/www.biblio.fae.ufmg.br\/monografias\/pdf-download-icon.gif\"><\/a><\/p>\n\n\n\n<p>ANDRADE, Aline Silva de.&nbsp;<strong>Ikh\u00e3y&#8217;ir\u00e9 ug: Iep Jokana Txihih\u00e3e Patax\u00f3 up\u00fa Pataxi Makiame<\/strong>&nbsp;= Lutas e conquistas: mulheres ind\u00edgenas Patax\u00f3 de Aldeia Velha. 2016. 65 f. Trabalho de Conclus\u00e3o de Curso (Licenciatura)\u2013Faculdade de Educa\u00e7\u00e3o, Universidade Federal de Minas Gerais, Belo Horizonte, 2016. Habilita\u00e7\u00e3o em L\u00ednguas, Artes e Literatura. <a href=\"https:\/\/www.biblio.fae.ufmg.br\/monografias\/2016\/jan%20carlos%20pinheiro%20de%20abreu.pdf\"><br><\/a><a rel=\"noreferrer noopener\" href=\"https:\/\/www.fae.ufmg.br\/biblioteca\/wp-content\/uploads\/sites\/7\/2022\/04\/aline-silva-de-andrade.pdf\" data-type=\"URL\" data-id=\"https:\/\/www.fae.ufmg.br\/biblioteca\/wp-content\/uploads\/sites\/7\/2022\/04\/aline-silva-de-andrade.pdf\" target=\"_blank\"><img loading=\"lazy\" width=\"50\" height=\"50\" src=\"https:\/\/www.biblio.fae.ufmg.br\/monografias\/pdf-download-icon.gif\"><\/a><\/p>\n\n\n\n<p>BRAZ, Saniw\u00ea Alves.&nbsp;<strong>Alfabetizar cantando na aldeia Mu\u00e3 Mimatxi<\/strong>. 2016. 46 f. Trabalho de Conclus\u00e3o de Curso (Licenciatura)\u2013Faculdade de Educa\u00e7\u00e3o, Universidade Federal de Minas Gerais, Belo Horizonte, 2016. Habilita\u00e7\u00e3o em L\u00ednguas, Artes e Literatura. <a href=\"https:\/\/www.biblio.fae.ufmg.br\/monografias\/2016\/jan%20carlos%20pinheiro%20de%20abreu.pdf\"><br><\/a><a href=\"https:\/\/www.biblio.fae.ufmg.br\/monografias\/2016\/saniwe%20alves%20braz.pdf\" data-type=\"URL\" data-id=\"https:\/\/www.biblio.fae.ufmg.br\/monografias\/2016\/saniwe%20alves%20braz.pdf\" target=\"_blank\" rel=\"noreferrer noopener\"><img loading=\"lazy\" width=\"50\" height=\"50\" src=\"https:\/\/www.biblio.fae.ufmg.br\/monografias\/pdf-download-icon.gif\"><\/a><\/p>\n\n\n\n<p>BRAZ, Uilding Cristiano.&nbsp;<strong>O ensino de l\u00edngua patx\u00f4h\u00e3 na Escola Ind\u00edgena Patax\u00f3 Barra Velha<\/strong>: uma proposta de material did\u00e1tico espec\u00edfico. 2016. 73 f. Trabalho de Conclus\u00e3o de Curso (Licenciatura)\u2013Faculdade de Educa\u00e7\u00e3o, Universidade Federal de Minas Gerais, Belo Horizonte, 2016. Habilita\u00e7\u00e3o em L\u00ednguas, Artes e Literatura. <a href=\"https:\/\/www.biblio.fae.ufmg.br\/monografias\/2016\/jan%20carlos%20pinheiro%20de%20abreu.pdf\"><br><\/a><a href=\"https:\/\/www.biblio.fae.ufmg.br\/monografias\/2016\/uilding%20cristiano%20braz.pdf\" data-type=\"URL\" data-id=\"https:\/\/www.biblio.fae.ufmg.br\/monografias\/2016\/uilding%20cristiano%20braz.pdf\" target=\"_blank\" rel=\"noreferrer noopener\"><img loading=\"lazy\" width=\"50\" height=\"50\" src=\"https:\/\/www.biblio.fae.ufmg.br\/monografias\/pdf-download-icon.gif\"><\/a><\/p>\n\n\n\n<p>CONCEI\u00c7\u00c3O, Graziane Andrade; NASCIMENTO, Thiago Braz do.&nbsp;<strong>Pintura corporal Patax\u00f3 de Barra Velha<\/strong>. 2016. 46 f. Trabalho de Conclus\u00e3o de Curso (Licenciatura)\u2013Faculdade de Educa\u00e7\u00e3o, Universidade Federal de Minas Gerais, Belo Horizonte, 2016. Habilita\u00e7\u00e3o em L\u00ednguas, Artes e Literatura. <a href=\"https:\/\/www.biblio.fae.ufmg.br\/monografias\/2016\/jan%20carlos%20pinheiro%20de%20abreu.pdf\"><br><\/a><a href=\"https:\/\/www.biblio.fae.ufmg.br\/monografias\/2016\/graziane%20andrade%20conceicao%20e%20thiago%20braz%20nascimento.pdf\" data-type=\"URL\" data-id=\"https:\/\/www.biblio.fae.ufmg.br\/monografias\/2016\/graziane%20andrade%20conceicao%20e%20thiago%20braz%20nascimento.pdf\" target=\"_blank\" rel=\"noreferrer noopener\"><img loading=\"lazy\" width=\"50\" height=\"50\" src=\"https:\/\/www.biblio.fae.ufmg.br\/monografias\/pdf-download-icon.gif\"><\/a><\/p>\n\n\n\n<p>CONCEI\u00c7\u00c3O, Nat\u00e1lia Braz da.&nbsp;<strong>Uma reflex\u00e3o sobre varia\u00e7\u00e3o lingu\u00edstica na l\u00edngua patx\u00f4h\u00e3 do povo Patax\u00f3<\/strong>. 2016. 43 f. Trabalho de Conclus\u00e3o de Curso (Licenciatura)\u2013Faculdade de Educa\u00e7\u00e3o, Universidade Federal de Minas Gerais, Belo Horizonte, 2016. Habilita\u00e7\u00e3o em L\u00ednguas, Artes e Literatura. <a href=\"https:\/\/www.biblio.fae.ufmg.br\/monografias\/2016\/jan%20carlos%20pinheiro%20de%20abreu.pdf\"><br><\/a><a href=\"https:\/\/www.fae.ufmg.br\/biblioteca\/wp-content\/uploads\/sites\/7\/2022\/04\/natalia-braz-da-conceicao.pdf\" data-type=\"URL\" data-id=\"https:\/\/www.fae.ufmg.br\/biblioteca\/wp-content\/uploads\/sites\/7\/2022\/04\/natalia-braz-da-conceicao.pdf\" target=\"_blank\" rel=\"noreferrer noopener\"><img loading=\"lazy\" width=\"50\" height=\"50\" src=\"https:\/\/www.biblio.fae.ufmg.br\/monografias\/pdf-download-icon.gif\"><\/a><\/p>\n\n\n\n<p>FARIAS, Claudinei Gomes; OLIVEIRA, Eudes Seixas de.&nbsp;<strong>M\u00e9todos de ca\u00e7ada do povo Xakriab\u00e1<\/strong>. 2016. 64 f. Trabalho de Conclus\u00e3o de Curso (Licenciatura)\u2013Faculdade de Educa\u00e7\u00e3o, Universidade Federal de Minas Gerais, Belo Horizonte, 2016. Habilita\u00e7\u00e3o em L\u00ednguas, Artes e Literatura.  <a href=\"https:\/\/www.biblio.fae.ufmg.br\/monografias\/2016\/jan%20carlos%20pinheiro%20de%20abreu.pdf\"><br><\/a><a href=\"https:\/\/www.biblio.fae.ufmg.br\/monografias\/2016\/claudinei%20gomes%20farias%20e%20eudes%20seixas%20de%20oliveira.pdf\" data-type=\"URL\" data-id=\"https:\/\/www.biblio.fae.ufmg.br\/monografias\/2016\/claudinei%20gomes%20farias%20e%20eudes%20seixas%20de%20oliveira.pdf\" target=\"_blank\" rel=\"noreferrer noopener\"><img loading=\"lazy\" width=\"50\" height=\"50\" src=\"https:\/\/www.biblio.fae.ufmg.br\/monografias\/pdf-download-icon.gif\"><\/a><\/p>\n\n\n\n<p>LOPES, Luzionira de Sousa.&nbsp;<strong>Loas e versos Xakriab\u00e1<\/strong>: tradi\u00e7\u00e3o e oralidade. 2016. 64 f. Trabalho de Conclus\u00e3o de Curso (Licenciatura)\u2013Faculdade de Educa\u00e7\u00e3o, Universidade Federal de Minas Gerais, Belo Horizonte, 2016. Habilita\u00e7\u00e3o em L\u00ednguas, Artes e Literatura. <a href=\"https:\/\/www.biblio.fae.ufmg.br\/monografias\/2016\/jan%20carlos%20pinheiro%20de%20abreu.pdf\"><br><\/a><a href=\"https:\/\/www.fae.ufmg.br\/biblioteca\/wp-content\/uploads\/sites\/7\/2022\/04\/luzionira-de-sousa-lopes.pdf\" data-type=\"URL\" data-id=\"https:\/\/www.fae.ufmg.br\/biblioteca\/wp-content\/uploads\/sites\/7\/2022\/04\/luzionira-de-sousa-lopes.pdf\" target=\"_blank\" rel=\"noreferrer noopener\"><img loading=\"lazy\" width=\"50\" height=\"50\" src=\"https:\/\/www.biblio.fae.ufmg.br\/monografias\/pdf-download-icon.gif\"><\/a><\/p>\n\n\n\n<p>OLIVEIRA, An\u00e9zia Rodrigues de Jesus.&nbsp;<strong>Hist\u00f3ria da escrita e do ensino da escrita entre o povo Xakriab\u00e1<\/strong>. 2016. 66 f. Trabalho de Conclus\u00e3o de Curso (Licenciatura)\u2013Faculdade de Educa\u00e7\u00e3o, Universidade Federal de Minas Gerais, Belo Horizonte, 2016. Habilita\u00e7\u00e3o em L\u00ednguas, Artes e Literatura. <a href=\"https:\/\/www.biblio.fae.ufmg.br\/monografias\/2016\/jan%20carlos%20pinheiro%20de%20abreu.pdf\"><br><\/a><a href=\"https:\/\/www.fae.ufmg.br\/biblioteca\/wp-content\/uploads\/sites\/7\/2022\/04\/anezia-r.-j.-oliveira.pdf\" data-type=\"URL\" data-id=\"https:\/\/www.fae.ufmg.br\/biblioteca\/wp-content\/uploads\/sites\/7\/2022\/04\/anezia-r.-j.-oliveira.pdf\" target=\"_blank\" rel=\"noreferrer noopener\"><img loading=\"lazy\" width=\"50\" height=\"50\" src=\"https:\/\/www.biblio.fae.ufmg.br\/monografias\/pdf-download-icon.gif\"><\/a><\/p>\n\n\n\n<p>OLIVEIRA, Eliana do Ros\u00e1rio Ferreira Gon\u00e7alves; BARBOSA, Regiane Costa.&nbsp;<strong>O ensino da l\u00edngua portuguesa em duas escolas Xakriab\u00e1 (Bukinuk e Uikitu kuhin\u00e3)<\/strong>: portugu\u00eas ind\u00edgena e portugu\u00eas padr\u00e3o em foco. 2016. 52 f. Trabalho de Conclus\u00e3o de Curso (Licenciatura)\u2013Faculdade de Educa\u00e7\u00e3o, Universidade Federal de Minas Gerais, Belo Horizonte, 2016. Habilita\u00e7\u00e3o em L\u00ednguas, Artes e Literatura. <a href=\"https:\/\/www.fae.ufmg.br\/biblioteca\/wp-content\/uploads\/sites\/7\/2022\/04\/eliana-r.-f.-g.-oliveira-e-regiane-costa-barbosa.pdf\"><br><\/a><a href=\"https:\/\/www.fae.ufmg.br\/biblioteca\/wp-content\/uploads\/sites\/7\/2022\/04\/eliana-r.-f.-g.-oliveira-e-regiane-costa-barbosa.pdf\" data-type=\"URL\" data-id=\"https:\/\/www.fae.ufmg.br\/biblioteca\/wp-content\/uploads\/sites\/7\/2022\/04\/eliana-r.-f.-g.-oliveira-e-regiane-costa-barbosa.pdf\" target=\"_blank\" rel=\"noreferrer noopener\"><img loading=\"lazy\" width=\"50\" height=\"50\" src=\"https:\/\/www.biblio.fae.ufmg.br\/monografias\/pdf-download-icon.gif\"><\/a><\/p>\n\n\n\n<p>OLIVEIRA, Luis Antonio de.&nbsp;<strong>A l\u00edngua Pankararu<\/strong>: puxando os fios da hist\u00f3ria. 2016. 50 f. Trabalho de Conclus\u00e3o de Curso (Licenciatura)\u2013Faculdade de Educa\u00e7\u00e3o, Universidade Federal de Minas Gerais, Belo Horizonte, 2016. Habilita\u00e7\u00e3o em L\u00ednguas, Artes e Literatura. <a href=\"https:\/\/www.biblio.fae.ufmg.br\/monografias\/2016\/jan%20carlos%20pinheiro%20de%20abreu.pdf\"><br><\/a><a href=\"https:\/\/www.fae.ufmg.br\/biblioteca\/wp-content\/uploads\/sites\/7\/2022\/04\/luis-antonio-de-oliveira.pdf\" data-type=\"URL\" data-id=\"https:\/\/www.fae.ufmg.br\/biblioteca\/wp-content\/uploads\/sites\/7\/2022\/04\/luis-antonio-de-oliveira.pdf\" target=\"_blank\" rel=\"noreferrer noopener\"><img loading=\"lazy\" width=\"50\" height=\"50\" src=\"https:\/\/www.biblio.fae.ufmg.br\/monografias\/pdf-download-icon.gif\"><\/a><\/p>\n\n\n\n<p>OLIVEIRA, Mois\u00e9s Ferreira de.&nbsp;<strong>Hist\u00f3ria da aldeia Mata Medonha<\/strong>. 2016. 59 f. Trabalho de Conclus\u00e3o de Curso (Licenciatura)\u2013Faculdade de Educa\u00e7\u00e3o, Universidade Federal de Minas Gerais, Belo Horizonte, 2016. Habilita\u00e7\u00e3o em L\u00ednguas, Artes e Literatura. <a href=\"https:\/\/www.biblio.fae.ufmg.br\/monografias\/2016\/jan%20carlos%20pinheiro%20de%20abreu.pdf\"><br><\/a><a href=\"https:\/\/www.fae.ufmg.br\/biblioteca\/wp-content\/uploads\/sites\/7\/2022\/04\/moises-ferreira-de-oliveira.pdf\" data-type=\"URL\" data-id=\"https:\/\/www.fae.ufmg.br\/biblioteca\/wp-content\/uploads\/sites\/7\/2022\/04\/moises-ferreira-de-oliveira.pdf\" target=\"_blank\" rel=\"noreferrer noopener\"><img loading=\"lazy\" width=\"50\" height=\"50\" src=\"https:\/\/www.biblio.fae.ufmg.br\/monografias\/pdf-download-icon.gif\"><\/a><\/p>\n\n\n\n<p>SANTANA, Cleideane Pon\u00e7ada.&nbsp;<strong>Cantos tradicionais Patax\u00f3 na l\u00edngua patxoh\u00e3<\/strong>. 2016. 63 f. Trabalho de Conclus\u00e3o de Curso (Licenciatura)\u2013Faculdade de Educa\u00e7\u00e3o, Universidade Federal de Minas Gerais, Belo Horizonte, 2016. Habilita\u00e7\u00e3o em L\u00ednguas, Artes e Literatura. <a href=\"https:\/\/www.biblio.fae.ufmg.br\/monografias\/2016\/jan%20carlos%20pinheiro%20de%20abreu.pdf\"><br><\/a><a href=\"https:\/\/www.fae.ufmg.br\/biblioteca\/wp-content\/uploads\/sites\/7\/2022\/04\/cleideane-poncada-santana.pdf\" data-type=\"URL\" data-id=\"https:\/\/www.fae.ufmg.br\/biblioteca\/wp-content\/uploads\/sites\/7\/2022\/04\/cleideane-poncada-santana.pdf\" target=\"_blank\" rel=\"noreferrer noopener\"><img loading=\"lazy\" width=\"50\" height=\"50\" src=\"https:\/\/www.biblio.fae.ufmg.br\/monografias\/pdf-download-icon.gif\"><\/a><\/p>\n\n\n\n<p>SANTANA, Sebastiana Pon\u00e7ada; GUIMAR\u00c3ES, Heron Santana.&nbsp;<strong>Moyt\u00e3o&#8217;w\u00e3y<\/strong>: pintura corporal e identidade patax\u00f3. 2016. 46 f. Trabalho de Conclus\u00e3o de Curso (Licenciatura)\u2013Faculdade de Educa\u00e7\u00e3o, Universidade Federal de Minas Gerais, Belo Horizonte, 2016. Habilita\u00e7\u00e3o em L\u00ednguas, Artes e Literatura. <a href=\"https:\/\/www.biblio.fae.ufmg.br\/monografias\/2016\/jan%20carlos%20pinheiro%20de%20abreu.pdf\"><br><\/a><a href=\"https:\/\/www.fae.ufmg.br\/biblioteca\/wp-content\/uploads\/sites\/7\/2022\/04\/heron-santana-guimaraes-e-sebastiana-poncada-santana.pdf\" data-type=\"URL\" data-id=\"https:\/\/www.fae.ufmg.br\/biblioteca\/wp-content\/uploads\/sites\/7\/2022\/04\/heron-santana-guimaraes-e-sebastiana-poncada-santana.pdf\" target=\"_blank\" rel=\"noreferrer noopener\"><img loading=\"lazy\" width=\"50\" height=\"50\" src=\"https:\/\/www.biblio.fae.ufmg.br\/monografias\/pdf-download-icon.gif\"><\/a><\/p>\n\n\n\n<p>SANTOS, Ariane Jesus dos.&nbsp;<strong>A conta\u00e7\u00e3o de hist\u00f3rias do povo Patax\u00f3 da reserva da Jaqueira<\/strong>: a oralidade atrav\u00e9s dos tempos. 2016. 57 f. Trabalho de Conclus\u00e3o de Curso (Licenciatura)\u2013Faculdade de Educa\u00e7\u00e3o, Universidade Federal de Minas Gerais, Belo Horizonte, 2016. Habilita\u00e7\u00e3o em L\u00ednguas, Artes e Literatura. <a href=\"https:\/\/www.biblio.fae.ufmg.br\/monografias\/2016\/jan%20carlos%20pinheiro%20de%20abreu.pdf\"><br><\/a><a href=\"https:\/\/www.fae.ufmg.br\/biblioteca\/wp-content\/uploads\/sites\/7\/2022\/04\/ariane-jesus-do-santos.pdf\" data-type=\"URL\" data-id=\"https:\/\/www.fae.ufmg.br\/biblioteca\/wp-content\/uploads\/sites\/7\/2022\/04\/ariane-jesus-do-santos.pdf\" target=\"_blank\" rel=\"noreferrer noopener\"><img loading=\"lazy\" width=\"50\" height=\"50\" src=\"https:\/\/www.biblio.fae.ufmg.br\/monografias\/pdf-download-icon.gif\"><\/a><\/p>\n\n\n\n<p>SANTOS, Eliane Ara\u00fajo; SILVA, Valdineia Moreira.&nbsp;<strong>Brincadeiras e brinquedos antigos e atuais das aldeias Sumar\u00e9 I e III<\/strong>. 2016. 51 f. Trabalho de Conclus\u00e3o de Curso (Licenciatura)\u2013Faculdade de Educa\u00e7\u00e3o, Universidade Federal de Minas Gerais, Belo Horizonte, 2016. Habilita\u00e7\u00e3o em L\u00ednguas, Artes e Literatura.  <a href=\"https:\/\/www.biblio.fae.ufmg.br\/monografias\/2016\/jan%20carlos%20pinheiro%20de%20abreu.pdf\"><br><\/a><a href=\"https:\/\/www.fae.ufmg.br\/biblioteca\/wp-content\/uploads\/sites\/7\/2022\/04\/eliane-araujo-santos-e-valdineia-moreira-silva.pdf\" data-type=\"URL\" data-id=\"https:\/\/www.fae.ufmg.br\/biblioteca\/wp-content\/uploads\/sites\/7\/2022\/04\/eliane-araujo-santos-e-valdineia-moreira-silva.pdf\" target=\"_blank\" rel=\"noreferrer noopener\"><img loading=\"lazy\" width=\"50\" height=\"50\" src=\"https:\/\/www.biblio.fae.ufmg.br\/monografias\/pdf-download-icon.gif\"><\/a><\/p>\n\n\n\n<p>SANTOS, Itanaj\u00e9 Ferreira dos.&nbsp;<strong>Narrativas Patax\u00f3 da aldeia Barra Velha<\/strong>. 2016. 42 f. Trabalho de Conclus\u00e3o de Curso (Licenciatura)\u2013Faculdade de Educa\u00e7\u00e3o, Universidade Federal de Minas Gerais, Belo Horizonte, 2016. Habilita\u00e7\u00e3o em L\u00ednguas, Artes e Literatura.  <a href=\"https:\/\/www.biblio.fae.ufmg.br\/monografias\/2016\/jan%20carlos%20pinheiro%20de%20abreu.pdf\"><br><\/a><a href=\"https:\/\/www.fae.ufmg.br\/biblioteca\/wp-content\/uploads\/sites\/7\/2022\/04\/itanaje-ferreira-dos-santos.pdf\" data-type=\"URL\" data-id=\"https:\/\/www.fae.ufmg.br\/biblioteca\/wp-content\/uploads\/sites\/7\/2022\/04\/itanaje-ferreira-dos-santos.pdf\" target=\"_blank\" rel=\"noreferrer noopener\"><img loading=\"lazy\" width=\"50\" height=\"50\" src=\"https:\/\/www.biblio.fae.ufmg.br\/monografias\/pdf-download-icon.gif\"><\/a><\/p>\n\n\n\n<p>SOUZA, Izaque de.&nbsp;<strong>A cestaria Guarani Mbya da aldeia Sapukai \u2013 Bracu\u00ed (RJ)<\/strong>. 2016. 38 f. Trabalho de Conclus\u00e3o de Curso (Licenciatura)\u2013Faculdade de Educa\u00e7\u00e3o, Universidade Federal de Minas Gerais, Belo Horizonte, 2016. Habilita\u00e7\u00e3o em L\u00ednguas, Artes e Literatura.  <a href=\"https:\/\/www.biblio.fae.ufmg.br\/monografias\/2016\/jan%20carlos%20pinheiro%20de%20abreu.pdf\"><br><\/a><a href=\"https:\/\/www.biblio.fae.ufmg.br\/monografias\/2016\/izaque%20de%20souza.pdf\" data-type=\"URL\" data-id=\"https:\/\/www.biblio.fae.ufmg.br\/monografias\/2016\/izaque%20de%20souza.pdf\" target=\"_blank\" rel=\"noreferrer noopener\"><img loading=\"lazy\" width=\"50\" height=\"50\" src=\"https:\/\/www.biblio.fae.ufmg.br\/monografias\/pdf-download-icon.gif\"><\/a><\/p>\n\n\n\n<p>VIEIRA, Vislandes Bonfim.&nbsp;<strong>A import\u00e2ncia do canto dentro do ritual do Aw\u00ea<\/strong>. 2016. 49 f. Trabalho de Conclus\u00e3o de Curso (Licenciatura)\u2013Faculdade de Educa\u00e7\u00e3o, Universidade Federal de Minas Gerais, Belo Horizonte, 2016. Habilita\u00e7\u00e3o em L\u00ednguas, Artes e Literatura.  <a href=\"https:\/\/www.biblio.fae.ufmg.br\/monografias\/2016\/jan%20carlos%20pinheiro%20de%20abreu.pdf\"><br><\/a><a href=\"https:\/\/www.fae.ufmg.br\/biblioteca\/wp-content\/uploads\/sites\/7\/2022\/04\/vislandes-bomfim-vieira.pdf\" data-type=\"URL\" data-id=\"https:\/\/www.fae.ufmg.br\/biblioteca\/wp-content\/uploads\/sites\/7\/2022\/04\/vislandes-bomfim-vieira.pdf\" target=\"_blank\" rel=\"noreferrer noopener\"><img loading=\"lazy\" width=\"50\" height=\"50\" src=\"https:\/\/www.biblio.fae.ufmg.br\/monografias\/pdf-download-icon.gif\"><\/a><\/p>\n","protected":false},"excerpt":{"rendered":"<p>Trabalhos de conclus\u00e3o de curso dos alunos do curso de Forma\u00e7\u00e3o Intercultural de Educadores Ind\u00edgenas (FIEI) ano de 2016 ABREU, Jan Carlos Pinheiro de.&nbsp;Cantos tradicionais do povo Xakriab\u00e1. 2016. 53 f. Trabalho de Conclus\u00e3o de Curso (Licenciatura)\u2013Faculdade de Educa\u00e7\u00e3o, Universidade Federal de Minas Gerais, Belo Horizonte, 2016. Habilita\u00e7\u00e3o em L\u00ednguas, Artes e Literatura. ALMEIDA, Emanilson Braz de.&nbsp;A educa\u00e7\u00e3o ind\u00edgena e a linguagem teatral: as narrativas orais do povo Patax\u00f3 na Aldeia Boca da Mata. 2016. 47 f. Trabalho de Conclus\u00e3o de Curso (Licenciatura)\u2013Faculdade de Educa\u00e7\u00e3o, Universidade Federal de Minas Gerais, Belo Horizonte, 2016. Habilita\u00e7\u00e3o em L\u00ednguas, Artes e Literatura. ALVES,\u2026<\/p>\n","protected":false},"author":18,"featured_media":0,"parent":52,"menu_order":4,"comment_status":"closed","ping_status":"closed","template":"","meta":[],"blocksy_meta":{"styles_descriptor":{"styles":{"desktop":"","tablet":"","mobile":""},"google_fonts":[]}},"_links":{"self":[{"href":"https:\/\/www.fae.ufmg.br\/biblioteca\/wp-json\/wp\/v2\/pages\/701"}],"collection":[{"href":"https:\/\/www.fae.ufmg.br\/biblioteca\/wp-json\/wp\/v2\/pages"}],"about":[{"href":"https:\/\/www.fae.ufmg.br\/biblioteca\/wp-json\/wp\/v2\/types\/page"}],"author":[{"embeddable":true,"href":"https:\/\/www.fae.ufmg.br\/biblioteca\/wp-json\/wp\/v2\/users\/18"}],"replies":[{"embeddable":true,"href":"https:\/\/www.fae.ufmg.br\/biblioteca\/wp-json\/wp\/v2\/comments?post=701"}],"version-history":[{"count":7,"href":"https:\/\/www.fae.ufmg.br\/biblioteca\/wp-json\/wp\/v2\/pages\/701\/revisions"}],"predecessor-version":[{"id":780,"href":"https:\/\/www.fae.ufmg.br\/biblioteca\/wp-json\/wp\/v2\/pages\/701\/revisions\/780"}],"up":[{"embeddable":true,"href":"https:\/\/www.fae.ufmg.br\/biblioteca\/wp-json\/wp\/v2\/pages\/52"}],"wp:attachment":[{"href":"https:\/\/www.fae.ufmg.br\/biblioteca\/wp-json\/wp\/v2\/media?parent=701"}],"curies":[{"name":"wp","href":"https:\/\/api.w.org\/{rel}","templated":true}]}}