{"id":613,"date":"2022-04-11T18:38:01","date_gmt":"2022-04-11T21:38:01","guid":{"rendered":"https:\/\/www.fae.ufmg.br\/biblioteca\/?page_id=613"},"modified":"2022-04-14T21:52:51","modified_gmt":"2022-04-15T00:52:51","slug":"2015-2","status":"publish","type":"page","link":"https:\/\/www.fae.ufmg.br\/biblioteca\/recursos-online\/monografias-do-fiei\/2015-2\/","title":{"rendered":"2015"},"content":{"rendered":"\n<p><strong>Trabalhos de conclus\u00e3o de curso dos alunos do curso de Forma\u00e7\u00e3o Intercultural de Educadores Ind\u00edgenas (FIEI) ano de 2015<\/strong><\/p>\n\n\n\n<p>ALKIMIN, Aparecida Almeida; ALKIMIN, Daiane Gon\u00e7alves de; SILVA, Euzala Farias Mota.&nbsp;<strong>Produ\u00e7\u00e3o tradicional xacriaba de rapaduras<\/strong>. 2015. 52 f. Trabalho de Conclus\u00e3o de Curso (Licenciatura) \u2013 Faculdade de Educa\u00e7\u00e3o, Universidade Federal de Minas Gerais, Belo Horizonte, 2020. Habilita\u00e7\u00e3o em Ci\u00eancias da Vida e da Natureza. Orientadora: K\u00e1tia Pedrosa Silveira.  <a href=\"https:\/\/www.biblio.fae.ufmg.br\/monografias\/2016\/jan%20carlos%20pinheiro%20de%20abreu.pdf\"><br><\/a><a href=\"https:\/\/www.fae.ufmg.br\/biblioteca\/wp-content\/uploads\/sites\/7\/2022\/04\/TCC-Aparecida-Daiane-Euzala.pdf\" data-type=\"URL\" data-id=\"https:\/\/www.fae.ufmg.br\/biblioteca\/wp-content\/uploads\/sites\/7\/2022\/04\/TCC-Aparecida-Daiane-Euzala.pdf\" target=\"_blank\" rel=\"noreferrer noopener\"><img loading=\"lazy\" width=\"50\" height=\"50\" src=\"https:\/\/www.biblio.fae.ufmg.br\/monografias\/pdf-download-icon.gif\"><\/a><\/p>\n\n\n\n<p>ALVES, Marcos Braz.&nbsp;<strong>O uso das tecnologias na aldeia Patax\u00f3 Barra Velha<\/strong>. 2015. Trabalho de Conclus\u00e3o de Curso (Licenciatura)\u2013Faculdade de Educa\u00e7\u00e3o, Universidade Federal de Minas Gerais, Belo Horizonte, 2015. Habilita\u00e7\u00e3o em Ci\u00eancias da Vida e da Natureza.<\/p>\n\n\n\n<p>ANJOS, Luzinete da Concei\u00e7\u00e3o dos.&nbsp;<strong>Doen\u00e7as transmitidas pela \u00e1gua na aldeia Patax\u00f3 de Barra Velha<\/strong>. 2015. Trabalho de Conclus\u00e3o de Curso (Licenciatura)\u2013Faculdade de Educa\u00e7\u00e3o, Universidade Federal de Minas Gerais, Belo Horizonte, 2015. Habilita\u00e7\u00e3o em Ci\u00eancias da Vida e da Natureza.<\/p>\n\n\n\n<p>ARA\u00daJO, Elaine dos Reis; SANTANA, Eliz\u00e2ngela Ferreira de Souza; SOUZA, Raquel Dias de.&nbsp;<strong>Moradias do povo Xakriab\u00e1<\/strong>. 2015. Trabalho de Conclus\u00e3o de Curso (Licenciatura)\u2013Faculdade de Educa\u00e7\u00e3o, Universidade Federal de Minas Gerais, Belo Horizonte, 2015. Habilita\u00e7\u00e3o em Ci\u00eancias da Vida e da Natureza.<\/p>\n\n\n\n<p>BARBOSA, Fernanda Nunes; MOTA, Gild\u00e9sio Almeida. B<strong>rinquedos Xakriab\u00e1 das aldeias Riacho dos Buritis e Pedrinhas<\/strong>. 2015. Trabalho de Conclus\u00e3o de Curso (Licenciatura)\u2013Faculdade de Educa\u00e7\u00e3o, Universidade Federal de Minas Gerais, Belo Horizonte, 2015. Habilita\u00e7\u00e3o em Ci\u00eancias da Vida e da Natureza.<\/p>\n\n\n\n<p>BRAZ, Charles Bonfim.&nbsp;<strong>Armadilhas de for\u00e7a<\/strong>. 2015. Trabalho de Conclus\u00e3o de Curso (Licenciatura)\u2013Faculdade de Educa\u00e7\u00e3o, Universidade Federal de Minas Gerais, Belo Horizonte, 2015. Habilita\u00e7\u00e3o em Ci\u00eancias da Vida e da Natureza.<\/p>\n\n\n\n<p>CRUZ, Alessandro Santos da.&nbsp;<strong>A mem\u00f3ria viva das intera\u00e7\u00f5es entre os povos parentes Maxakali-Patax\u00f3<\/strong>. 2015. Trabalho de Conclus\u00e3o de Curso (Licenciatura)\u2013Faculdade de Educa\u00e7\u00e3o, Universidade Federal de Minas Gerais, Belo Horizonte, 2015. Habilita\u00e7\u00e3o em Ci\u00eancias da Vida e da Natureza.<\/p>\n\n\n\n<p>CUNHA FILHO, Jo\u00e3o dos Santos.&nbsp;<strong>Conhecimento astron\u00f4mico do povo Patax\u00f3<\/strong>. 2015. Trabalho de Conclus\u00e3o de Curso (Licenciatura)\u2013Faculdade de Educa\u00e7\u00e3o, Universidade Federal de Minas Gerais, Belo Horizonte, 2015. Habilita\u00e7\u00e3o em Ci\u00eancias da Vida e da Natureza.<\/p>\n\n\n\n<p>GUEDES, Iric\u00e9lia dos Santos.&nbsp;<strong>Pesca artesanal<\/strong>: pescadores Patax\u00f3 no territ\u00f3rio Resex. 2015. Trabalho de Conclus\u00e3o de Curso (Licenciatura)\u2013Faculdade de Educa\u00e7\u00e3o, Universidade Federal de Minas Gerais, Belo Horizonte, 2015. Habilita\u00e7\u00e3o em Ci\u00eancias da Vida e da Natureza.<\/p>\n\n\n\n<p>LACERDA, Ana Cl\u00e1udia Ara\u00fajo; RODRIGUES, Maria das Gra\u00e7as de Jesus Lacerda; OLIVEIRA, Maria Laura de.&nbsp;<strong>O significado do canto dos p\u00e1ssaros<\/strong>. 2015. Trabalho de Conclus\u00e3o de Curso (Licenciatura)\u2013Faculdade de Educa\u00e7\u00e3o, Universidade Federal de Minas Gerais, Belo Horizonte, 2015. Habilita\u00e7\u00e3o em Ci\u00eancias da Vida e da Natureza.<\/p>\n\n\n\n<p>LOPES, Alzira Nunes de Souza; MOTA, Gild\u00e9sio Almeida.&nbsp;<strong>Brinquedos Xakriab\u00e1 das aldeias Riacho dos Buritis e Pedrinhas<\/strong>. 2015. Trabalho de Conclus\u00e3o de Curso (Licenciatura)\u2013Faculdade de Educa\u00e7\u00e3o, Universidade Federal de Minas Gerais, Belo Horizonte, 2015. Habilita\u00e7\u00e3o em Ci\u00eancias da Vida e da Natureza.<\/p>\n\n\n\n<p>MOTA, Aldemir Marcos de Almeida.&nbsp;<strong>As formas do povo Xakriab\u00e1 se comunicar<\/strong>. 2015. Trabalho de Conclus\u00e3o de Curso (Licenciatura)\u2013Faculdade de Educa\u00e7\u00e3o, Universidade Federal de Minas Gerais, Belo Horizonte, 2015. Habilita\u00e7\u00e3o em Ci\u00eancias da Vida e da Natureza.<\/p>\n\n\n\n<p>NUNES, Cleunice Barros de Andrade.&nbsp;<strong>Calend\u00e1rio socioecol\u00f3gico do Povo Xakriab\u00e1:<\/strong>&nbsp;Aldeia Rancharia. 2015. Trabalho de Conclus\u00e3o de Curso (Licenciatura)\u2013Faculdade de Educa\u00e7\u00e3o, Universidade Federal de Minas Gerais, Belo Horizonte, 2015. Habilita\u00e7\u00e3o em Ci\u00eancias da Vida e da Natureza.<\/p>\n\n\n\n<p>OLIVEIRA, Helena Gomes de; OLIVEIRA, Sandra Francisca de.&nbsp;<strong>Comida t\u00edpica do povo Xakriab\u00e1<\/strong>. 2015. Trabalho de Conclus\u00e3o de Curso (Licenciatura)\u2013Faculdade de Educa\u00e7\u00e3o, Universidade Federal de Minas Gerais, Belo Horizonte, 2015. Habilita\u00e7\u00e3o em Ci\u00eancias da Vida e da Natureza.<\/p>\n\n\n\n<p>OLIVEIRA, Miranda Fernandes.&nbsp;<strong>A hist\u00f3ria Xakriab\u00e1 contada a partir da hist\u00f3ria de vida das mulheres<\/strong>. 2015. Trabalho de Conclus\u00e3o de Curso (Licenciatura)\u2013Faculdade de Educa\u00e7\u00e3o, Universidade Federal de Minas Gerais, Belo Horizonte, 2015. Habilita\u00e7\u00e3o em Ci\u00eancias da Vida e da Natureza.<\/p>\n\n\n\n<p>SALVADOR, Riredi Braz.&nbsp;<strong>Luta pela terra<\/strong>: aldeia Ger\u00fa Tucun\u00e3 Patax\u00f3. 2015. Trabalho de Conclus\u00e3o de Curso (Licenciatura)\u2013Faculdade de Educa\u00e7\u00e3o, Universidade Federal de Minas Gerais, Belo Horizonte, 2015. Habilita\u00e7\u00e3o em Ci\u00eancias da Vida e da Natureza.<\/p>\n\n\n\n<p>SANTOS, Eliz\u00e2ngela Concei\u00e7\u00e3o dos.&nbsp;<strong>Comida t\u00edpica do povo Patax\u00f3 de Barra Velha<\/strong>. 2015. Trabalho de Conclus\u00e3o de Curso (Licenciatura)\u2013Faculdade de Educa\u00e7\u00e3o, Universidade Federal de Minas Gerais, Belo Horizonte, 2015. Habilita\u00e7\u00e3o em Ci\u00eancias da Vida e da Natureza.<\/p>\n\n\n\n<p>SILVA, Estelita de Souza Guimar\u00e3es; ARA\u00daJO, Hilda Rodrigues da Silva.&nbsp;<strong>Produ\u00e7\u00e3o de sab\u00e3o tradicional Xakriab\u00e1: aldeia Prata e Riachinho<\/strong>. 2015. Trabalho de Conclus\u00e3o de Curso (Licenciatura)\u2013Faculdade de Educa\u00e7\u00e3o, Universidade Federal de Minas Gerais, Belo Horizonte, 2015. Habilita\u00e7\u00e3o em Ci\u00eancias da Vida e da Natureza.<\/p>\n\n\n\n<p>SOUSA, Vagney Bispo de.&nbsp;<strong>Estrat\u00e9gias de monitoramento territorial Xakriab\u00e1<\/strong>. 2015. Trabalho de Conclus\u00e3o de Curso (Licenciatura)\u2013Faculdade de Educa\u00e7\u00e3o, Universidade Federal de Minas Gerais, Belo Horizonte, 2015. Habilita\u00e7\u00e3o em Ci\u00eancias da Vida e da Natureza.<\/p>\n\n\n\n<p>SOUZA, Edvaldo Fagundes de; CRUZ, Luciana Alexandre Leite da.&nbsp;<strong>A diminui\u00e7\u00e3o da diversidade e riqueza de animais no territ\u00f3rio Xakriab\u00e1<\/strong>: leituras e interpreta\u00e7\u00f5es locais. 2015. Trabalho de Conclus\u00e3o de Curso (Licenciatura)\u2013Faculdade de Educa\u00e7\u00e3o, Universidade Federal de Minas Gerais, Belo Horizonte, 2015. Habilita\u00e7\u00e3o em Ci\u00eancias da Vida e da Natureza.<\/p>\n","protected":false},"excerpt":{"rendered":"<p>Trabalhos de conclus\u00e3o de curso dos alunos do curso de Forma\u00e7\u00e3o Intercultural de Educadores Ind\u00edgenas (FIEI) ano de 2015 ALKIMIN, Aparecida Almeida; ALKIMIN, Daiane Gon\u00e7alves de; SILVA, Euzala Farias Mota.&nbsp;Produ\u00e7\u00e3o tradicional xacriaba de rapaduras. 2015. 52 f. Trabalho de Conclus\u00e3o de Curso (Licenciatura) \u2013 Faculdade de Educa\u00e7\u00e3o, Universidade Federal de Minas Gerais, Belo Horizonte, 2020. Habilita\u00e7\u00e3o em Ci\u00eancias da Vida e da Natureza. Orientadora: K\u00e1tia Pedrosa Silveira. ALVES, Marcos Braz.&nbsp;O uso das tecnologias na aldeia Patax\u00f3 Barra Velha. 2015. Trabalho de Conclus\u00e3o de Curso (Licenciatura)\u2013Faculdade de Educa\u00e7\u00e3o, Universidade Federal de Minas Gerais, Belo Horizonte, 2015. Habilita\u00e7\u00e3o em Ci\u00eancias da Vida\u2026<\/p>\n","protected":false},"author":18,"featured_media":0,"parent":52,"menu_order":3,"comment_status":"closed","ping_status":"closed","template":"","meta":[],"blocksy_meta":{"styles_descriptor":{"styles":{"desktop":"","tablet":"","mobile":""},"google_fonts":[]}},"_links":{"self":[{"href":"https:\/\/www.fae.ufmg.br\/biblioteca\/wp-json\/wp\/v2\/pages\/613"}],"collection":[{"href":"https:\/\/www.fae.ufmg.br\/biblioteca\/wp-json\/wp\/v2\/pages"}],"about":[{"href":"https:\/\/www.fae.ufmg.br\/biblioteca\/wp-json\/wp\/v2\/types\/page"}],"author":[{"embeddable":true,"href":"https:\/\/www.fae.ufmg.br\/biblioteca\/wp-json\/wp\/v2\/users\/18"}],"replies":[{"embeddable":true,"href":"https:\/\/www.fae.ufmg.br\/biblioteca\/wp-json\/wp\/v2\/comments?post=613"}],"version-history":[{"count":4,"href":"https:\/\/www.fae.ufmg.br\/biblioteca\/wp-json\/wp\/v2\/pages\/613\/revisions"}],"predecessor-version":[{"id":762,"href":"https:\/\/www.fae.ufmg.br\/biblioteca\/wp-json\/wp\/v2\/pages\/613\/revisions\/762"}],"up":[{"embeddable":true,"href":"https:\/\/www.fae.ufmg.br\/biblioteca\/wp-json\/wp\/v2\/pages\/52"}],"wp:attachment":[{"href":"https:\/\/www.fae.ufmg.br\/biblioteca\/wp-json\/wp\/v2\/media?parent=613"}],"curies":[{"name":"wp","href":"https:\/\/api.w.org\/{rel}","templated":true}]}}