{"id":611,"date":"2022-04-11T18:36:05","date_gmt":"2022-04-11T21:36:05","guid":{"rendered":"https:\/\/www.fae.ufmg.br\/biblioteca\/?page_id=611"},"modified":"2022-04-11T18:36:32","modified_gmt":"2022-04-11T21:36:32","slug":"2014-2","status":"publish","type":"page","link":"https:\/\/www.fae.ufmg.br\/biblioteca\/recursos-online\/monografias-do-fiei\/2014-2\/","title":{"rendered":"2014"},"content":{"rendered":"\n<p><strong>Trabalhos de conclus\u00e3o de curso dos alunos do curso de Forma\u00e7\u00e3o Intercultural de Educadores Ind\u00edgenas (FIEI) ano de 201<\/strong>4<\/p>\n\n\n\n<p>ALMEIDA, Eulico de Souza.&nbsp;<strong>Modo de fazer e usar a zabumba Xakriab\u00e1<\/strong>. 2014. Trabalho de Conclus\u00e3o de Curso (Licenciatura)\u2013Faculdade de Educa\u00e7\u00e3o, Universidade Federal de Minas Gerais, Belo Horizonte, 2014. Habilita\u00e7\u00e3o em Matem\u00e1tica.<\/p>\n\n\n\n<p>BARBOSA, Jair Cavalcante.&nbsp;<strong>O umbu e o mam\u00e3ozinho do mato<\/strong>: as folhas, os frutos, a casca e a raiz: conhecimentos do povo Xakriab\u00e1 da aldeia Brejo Mata Fome. 2014. Trabalho de Conclus\u00e3o de Curso (Licenciatura)\u2013Faculdade de Educa\u00e7\u00e3o, Universidade Federal de Minas Gerais, Belo Horizonte, 2014. Habilita\u00e7\u00e3o em Matem\u00e1tica.<\/p>\n\n\n\n<p>BONFIM, Ariema Braz.&nbsp;<strong>A reserva da Jaqueira como espa\u00e7o de aprendizagem e a escola como espa\u00e7o da reserva<\/strong>. 2014. Trabalho de Conclus\u00e3o de Curso (Licenciatura)\u2013Faculdade de Educa\u00e7\u00e3o, Universidade Federal de Minas Gerais, Belo Horizonte, 2014. Habilita\u00e7\u00e3o em Matem\u00e1tica.<\/p>\n\n\n\n<p>CARNEIRO, Rosangela de Ara\u00fajo; SILVA, Rosemere Gon\u00e7alves da; SANTOS, Rosilene Gon\u00e7alves dos.&nbsp;<strong>Frutos do tabuleiro do povo Xakriab\u00e1 aldeia Sumar\u00e9<\/strong>. 2014. Trabalho de Conclus\u00e3o de Curso (Licenciatura)\u2013Faculdade de Educa\u00e7\u00e3o, Universidade Federal de Minas Gerais, Belo Horizonte, 2014. Habilita\u00e7\u00e3o em Matem\u00e1tica.<\/p>\n\n\n\n<p>CONCEI\u00c7\u00c3O, Givaldo Franca da.&nbsp;<strong>As pr\u00e1ticas de medidas tradicionais na agricultura do povo Patax\u00f3 da aldeia Barra Velha<\/strong>: um olhar etnomatem\u00e1tico. 2014. Trabalho de Conclus\u00e3o de Curso (Licenciatura)\u2013Faculdade de Educa\u00e7\u00e3o, Universidade Federal de Minas Gerais, Belo Horizonte, 2014. Habilita\u00e7\u00e3o em Matem\u00e1tica.<\/p>\n\n\n\n<p>CRUZ, Jose Carlos Nunes da; SANTOS, Jusnei de Souza; RIBEIRO, Vanessa Nunes.&nbsp;<strong>Diagn\u00f3stico preliminar da produ\u00e7\u00e3o de lixo no territ\u00f3rio ind\u00edgena Xakriab\u00e1<\/strong>. 2014. Trabalho de Conclus\u00e3o de Curso (Licenciatura)\u2013Faculdade de Educa\u00e7\u00e3o, Universidade Federal de Minas Gerais, Belo Horizonte, 2014. Habilita\u00e7\u00e3o em Matem\u00e1tica.<\/p>\n\n\n\n<p>FERREIRA, Ivonete Alves.&nbsp;<strong>As formas geom\u00e9tricas presentes nos tran\u00e7ados e nas pinturas Xakriab\u00e1<\/strong>. 2014. Trabalho de Conclus\u00e3o de Curso (Licenciatura)\u2013Faculdade de Educa\u00e7\u00e3o, Universidade Federal de Minas Gerais, Belo Horizonte, 2014. Habilita\u00e7\u00e3o em Matem\u00e1tica.<\/p>\n\n\n\n<p>MARCELINO, Dirauira Santos; MARCELINO, Dirauy Santos.&nbsp;<strong>Mobilidade e circula\u00e7\u00e3o de pessoas coisas e bens<\/strong>: configurando o espa\u00e7o f\u00edsico da aldeia Barra Velha e seu entorno. 2014. Trabalho de Conclus\u00e3o de Curso (Licenciatura)\u2013Faculdade de Educa\u00e7\u00e3o, Universidade Federal de Minas Gerais, Belo Horizonte, 2014. Habilita\u00e7\u00e3o em Matem\u00e1tica.<\/p>\n\n\n\n<p>MOTA, Silvia Helena da.&nbsp;<strong>Os caminhos das escolas ind\u00edgenas Xakriab\u00e1 na gest\u00e3o dos recursos financeiros da caixa escolar<\/strong>. 2014. Trabalho de Conclus\u00e3o de Curso (Licenciatura)\u2013Faculdade de Educa\u00e7\u00e3o, Universidade Federal de Minas Gerais, Belo Horizonte, 2014. Habilita\u00e7\u00e3o em Matem\u00e1tica.<\/p>\n\n\n\n<p>NASCIMENTO, Akerlan Santos.&nbsp;<strong>A musicalidade Patax\u00f3<\/strong>: a m\u00fasica e os c\u00e2nticos sagrados na aldeia Barra Velha. 2014. Trabalho de Conclus\u00e3o de Curso (Licenciatura)\u2013Faculdade de Educa\u00e7\u00e3o, Universidade Federal de Minas Gerais, Belo Horizonte, 2014. Habilita\u00e7\u00e3o em Matem\u00e1tica.<\/p>\n\n\n\n<p>OLIVEIRA, Dario Lopo de; CORREA, Ranilson da Silva.&nbsp;<strong>Os tipos e os usos da \u00e1gua no territ\u00f3rio ind\u00edgena Xakriab\u00e1<\/strong>. 2014. Trabalho de Conclus\u00e3o de Curso (Licenciatura)\u2013Faculdade de Educa\u00e7\u00e3o, Universidade Federal de Minas Gerais, Belo Horizonte, 2014. Habilita\u00e7\u00e3o em Matem\u00e1tica.<\/p>\n\n\n\n<p>OLIVEIRA, J\u00falio Cesar Lopes de.&nbsp;<strong>Hist\u00f3ria oral e problem\u00e1ticas ambientais da lagoa de Rancharia<\/strong>. 2014. Trabalho de Conclus\u00e3o de Curso (Licenciatura)\u2013Faculdade de Educa\u00e7\u00e3o, Universidade Federal de Minas Gerais, Belo Horizonte, 2014. Habilita\u00e7\u00e3o em Matem\u00e1tica.<\/p>\n\n\n\n<p>PIMENTA, Sandra Fernandes.&nbsp;<strong>Modos de constru\u00e7\u00f5es Xakriab\u00e1 aldeias Barreiro e Caatinguinha<\/strong>. 2014. Trabalho de Conclus\u00e3o de Curso (Licenciatura)\u2013Faculdade de Educa\u00e7\u00e3o, Universidade Federal de Minas Gerais, Belo Horizonte, 2014. Habilita\u00e7\u00e3o em Matem\u00e1tica.<\/p>\n\n\n\n<p>PINHEIRO, Alex Ferreira; NASCIMENTO, Cl\u00e9cia Santos.&nbsp;<strong>Hist\u00f3ria de luta de algumas lideran\u00e7as Patax\u00f3 de Barra Velha<\/strong>. 2014. Trabalho de Conclus\u00e3o de Curso (Licenciatura)\u2013Faculdade de Educa\u00e7\u00e3o, Universidade Federal de Minas Gerais, Belo Horizonte, 2014. Habilita\u00e7\u00e3o em Matem\u00e1tica.<\/p>\n\n\n\n<p>PINTO, Eva Ferreira.&nbsp;<strong>Novos e antigos dedos<\/strong>: bordados. 2014. Trabalho de Conclus\u00e3o de Curso (Licenciatura)\u2013Faculdade de Educa\u00e7\u00e3o, Universidade Federal de Minas Gerais, Belo Horizonte, 2014. Habilita\u00e7\u00e3o em Matem\u00e1tica.<\/p>\n\n\n\n<p>SANTOS, Everton Braz dos.&nbsp;<strong>Os artesanatos de sementes da aldeia Barra Velha<\/strong>. 2014. Trabalho de Conclus\u00e3o de Curso (Licenciatura)\u2013Faculdade de Educa\u00e7\u00e3o, Universidade Federal de Minas Gerais, Belo Horizonte, 2014. Habilita\u00e7\u00e3o em Matem\u00e1tica.<\/p>\n\n\n\n<p>SANTOS, Gilson Alves dos; LOPES, Laerson Souza.&nbsp;<strong>A introdu\u00e7\u00e3o de novas tecnologias no territ\u00f3rio Xakriab\u00e1<\/strong>. 2014. Trabalho de Conclus\u00e3o de Curso (Licenciatura)\u2013Faculdade de Educa\u00e7\u00e3o, Universidade Federal de Minas Gerais, Belo Horizonte, 2014. Habilita\u00e7\u00e3o em Matem\u00e1tica.<\/p>\n\n\n\n<p>SANTOS, Inaia Braz dos.&nbsp;<strong>Experi\u00eancias do parto tradicional na aldeia Patax\u00f3 Barra<\/strong>: saberes de velhas parteiras. 2014. Trabalho de Conclus\u00e3o de Curso (Licenciatura)\u2013Faculdade de Educa\u00e7\u00e3o, Universidade Federal de Minas Gerais, Belo Horizonte, 2014. Habilita\u00e7\u00e3o em Matem\u00e1tica.<\/p>\n\n\n\n<p>SILVA, Elizamar Gomes da; PINHEIRO, Vanessa Seixas.&nbsp;<strong>O uso de meios tecnol\u00f3gicos em sala de aula pelos professores ind\u00edgenas Xakriab\u00e1<\/strong>. 2014. Trabalho de Conclus\u00e3o de Curso (Licenciatura)\u2013Faculdade de Educa\u00e7\u00e3o, Universidade Federal de Minas Gerais, Belo Horizonte, 2014. Habilita\u00e7\u00e3o em Matem\u00e1tica.<\/p>\n\n\n\n<p>SOUZA, Elma Marcos de Almeida; RIBEIRO, Vera Fernandes.&nbsp;<strong>Brincadeiras Xacriab\u00e1 da aldeia Prata<\/strong>. 2014. Trabalho de Conclus\u00e3o de Curso (Licenciatura)\u2013Faculdade de Educa\u00e7\u00e3o, Universidade Federal de Minas Gerais, Belo Horizonte, 2014. Habilita\u00e7\u00e3o em Matem\u00e1tica.<\/p>\n\n\n\n<p>SOUZA, Santilia Ferreira de.&nbsp;<strong>Cer\u00e2mica Xakriab\u00e1 na aldeia Prata<\/strong>. 2014. Trabalho de Conclus\u00e3o de Curso (Licenciatura)\u2013Faculdade de Educa\u00e7\u00e3o, Universidade Federal de Minas Gerais, Belo Horizonte, 2014. Habilita\u00e7\u00e3o em Matem\u00e1tica.<\/p>\n","protected":false},"excerpt":{"rendered":"<p>Trabalhos de conclus\u00e3o de curso dos alunos do curso de Forma\u00e7\u00e3o Intercultural de Educadores Ind\u00edgenas (FIEI) ano de 2014 ALMEIDA, Eulico de Souza.&nbsp;Modo de fazer e usar a zabumba Xakriab\u00e1. 2014. Trabalho de Conclus\u00e3o de Curso (Licenciatura)\u2013Faculdade de Educa\u00e7\u00e3o, Universidade Federal de Minas Gerais, Belo Horizonte, 2014. Habilita\u00e7\u00e3o em Matem\u00e1tica. BARBOSA, Jair Cavalcante.&nbsp;O umbu e o mam\u00e3ozinho do mato: as folhas, os frutos, a casca e a raiz: conhecimentos do povo Xakriab\u00e1 da aldeia Brejo Mata Fome. 2014. Trabalho de Conclus\u00e3o de Curso (Licenciatura)\u2013Faculdade de Educa\u00e7\u00e3o, Universidade Federal de Minas Gerais, Belo Horizonte, 2014. Habilita\u00e7\u00e3o em Matem\u00e1tica. BONFIM, Ariema Braz.&nbsp;A\u2026<\/p>\n","protected":false},"author":18,"featured_media":0,"parent":52,"menu_order":2,"comment_status":"closed","ping_status":"closed","template":"","meta":[],"blocksy_meta":{"styles_descriptor":{"styles":{"desktop":"","tablet":"","mobile":""},"google_fonts":[]}},"_links":{"self":[{"href":"https:\/\/www.fae.ufmg.br\/biblioteca\/wp-json\/wp\/v2\/pages\/611"}],"collection":[{"href":"https:\/\/www.fae.ufmg.br\/biblioteca\/wp-json\/wp\/v2\/pages"}],"about":[{"href":"https:\/\/www.fae.ufmg.br\/biblioteca\/wp-json\/wp\/v2\/types\/page"}],"author":[{"embeddable":true,"href":"https:\/\/www.fae.ufmg.br\/biblioteca\/wp-json\/wp\/v2\/users\/18"}],"replies":[{"embeddable":true,"href":"https:\/\/www.fae.ufmg.br\/biblioteca\/wp-json\/wp\/v2\/comments?post=611"}],"version-history":[{"count":1,"href":"https:\/\/www.fae.ufmg.br\/biblioteca\/wp-json\/wp\/v2\/pages\/611\/revisions"}],"predecessor-version":[{"id":612,"href":"https:\/\/www.fae.ufmg.br\/biblioteca\/wp-json\/wp\/v2\/pages\/611\/revisions\/612"}],"up":[{"embeddable":true,"href":"https:\/\/www.fae.ufmg.br\/biblioteca\/wp-json\/wp\/v2\/pages\/52"}],"wp:attachment":[{"href":"https:\/\/www.fae.ufmg.br\/biblioteca\/wp-json\/wp\/v2\/media?parent=611"}],"curies":[{"name":"wp","href":"https:\/\/api.w.org\/{rel}","templated":true}]}}