{"id":605,"date":"2022-04-11T18:31:29","date_gmt":"2022-04-11T21:31:29","guid":{"rendered":"https:\/\/www.fae.ufmg.br\/biblioteca\/?page_id=605"},"modified":"2022-04-11T18:31:30","modified_gmt":"2022-04-11T21:31:30","slug":"2013-2","status":"publish","type":"page","link":"https:\/\/www.fae.ufmg.br\/biblioteca\/recursos-online\/monografias-do-fiei\/2013-2\/","title":{"rendered":"2013"},"content":{"rendered":"\n<p><strong>Trabalhos de conclus\u00e3o de curso dos alunos do curso de Forma\u00e7\u00e3o Intercultural de Educadores Ind\u00edgenas (FIEI) ano de 2013<\/strong><\/p>\n\n\n\n<p>ANJOS, Gilmar da Concei\u00e7\u00e3o dos.\u00a0<strong>As cantigas de roda e outras brincadeiras<\/strong>: o brincar de antigamente na aldeia Patax\u00f3 de Barra Velha. 2013. Trabalho de Conclus\u00e3o de Curso (Licenciatura)\u2013Faculdade de Educa\u00e7\u00e3o, Universidade Federal de Minas Gerais, Belo Horizonte, 2013. Habilita\u00e7\u00e3o em Ci\u00eancias Sociais e Humanidades.<\/p>\n\n\n\n<p>BRAZ, Aurenilson da Concei\u00e7\u00e3o.&nbsp;<strong>A escola ind\u00edgena Patax\u00f3 na aldeia de Barra Velha<\/strong>: uma hist\u00f3ria contada por quem participou de sua constru\u00e7\u00e3o. 2013. Trabalho de Conclus\u00e3o de Curso (Licenciatura)\u2013Faculdade de Educa\u00e7\u00e3o, Universidade Federal de Minas Gerais, Belo Horizonte, 2013. Habilita\u00e7\u00e3o em Ci\u00eancias Sociais e Humanidades.<\/p>\n\n\n\n<p>CONCEI\u00c7\u00c3O, Ronaldo Alves da.&nbsp;<strong>Professores e direitos ind\u00edgenas na escola Patax\u00f3 Bacumux\u00e1<\/strong>. 2013. Trabalho de Conclus\u00e3o de Curso (Licenciatura)\u2013Faculdade de Educa\u00e7\u00e3o, Universidade Federal de Minas Gerais, Belo Horizonte, 2013. Habilita\u00e7\u00e3o em Ci\u00eancias Sociais e Humanidades.<\/p>\n\n\n\n<p>CORR\u00caA, C\u00e9lia Nunes.&nbsp;<strong>Quando pinta o corpo, pinta o esp\u00edrito<\/strong>: a pintura corporal e a espiritualidade entre os Xakriab\u00e1 de S\u00e3o Jo\u00e3o das Miss\u00f5es. 2013. Trabalho de Conclus\u00e3o de Curso (Licenciatura)\u2013Faculdade de Educa\u00e7\u00e3o, Universidade Federal de Minas Gerais, Belo Horizonte, 2013. Habilita\u00e7\u00e3o em Ci\u00eancias Sociais e Humanidades.<\/p>\n\n\n\n<p>CORR\u00caA, Edgar Nunes.&nbsp;<strong>Hist\u00f3rias dos ca\u00e7adores e da ca\u00e7a<\/strong>: uma forma de compreender a cosmologia Xakriab\u00e1. 2013. Trabalho de Conclus\u00e3o de Curso (Licenciatura)\u2013Faculdade de Educa\u00e7\u00e3o, Universidade Federal de Minas Gerais, Belo Horizonte, 2013. Habilita\u00e7\u00e3o em Ci\u00eancias Sociais e Humanidades.<\/p>\n\n\n\n<p>CRUZ, Fernanda Gon\u00e7alves de Oliveira da.&nbsp;<strong>A proposta do m\u00e9todo indutivo intercultural e do calend\u00e1rio sociocultural nas escolas Xakriab\u00e1<\/strong>. 2013. Trabalho de Conclus\u00e3o de Curso (Licenciatura)\u2013Faculdade de Educa\u00e7\u00e3o, Universidade Federal de Minas Gerais, Belo Horizonte, 2013. Habilita\u00e7\u00e3o em Ci\u00eancias Sociais e Humanidades.<\/p>\n\n\n\n<p>CUNHA, Vera L\u00facia Fernandes.&nbsp;<strong>A usina de Belo Monte<\/strong>: os impactos socioambientais. 2013. Trabalho de Conclus\u00e3o de Curso (Licenciatura)\u2013Faculdade de Educa\u00e7\u00e3o, Universidade Federal de Minas Gerais, Belo Horizonte, 2013. Habilita\u00e7\u00e3o em Ci\u00eancias Sociais e Humanidades.<\/p>\n\n\n\n<p>FRANCO, Adriana Oliveira Silva; RIBEIRO, Maria Aparecida Fiuza de Oliveira.&nbsp;<strong>Conhecendo as mulheres guerreiras Xacriab\u00e1 da aldeia Barreiro Preto<\/strong>. 2013. Trabalho de Conclus\u00e3o de Curso (Licenciatura)\u2013Faculdade de Educa\u00e7\u00e3o, Universidade Federal de Minas Gerais, Belo Horizonte, 2013. Habilita\u00e7\u00e3o em Ci\u00eancias Sociais e Humanidades.<\/p>\n\n\n\n<p>MOTA, Jo\u00e3o da Concei\u00e7\u00e3o Ferreira.&nbsp;<strong>A escola ind\u00edgena Xakriab\u00e1: suas hist\u00f3rias e seu crescimento<\/strong>. 2013. Trabalho de Conclus\u00e3o de Curso (Licenciatura)\u2013Faculdade de Educa\u00e7\u00e3o, Universidade Federal de Minas Gerais, Belo Horizonte, 2013. Habilita\u00e7\u00e3o em Ci\u00eancias Sociais e Humanidades.<\/p>\n\n\n\n<p>OLIVEIRA, Maria Aparecida Costa de.&nbsp;<strong>Fontes para o estudo sobre o massacre do \u201cFogo de 51\u201d<\/strong>: mais uma hist\u00f3ria da resist\u00eancia Patax\u00f3. 2013. Trabalho de Conclus\u00e3o de Curso (Licenciatura)\u2013Faculdade de Educa\u00e7\u00e3o, Universidade Federal de Minas Gerais, Belo Horizonte, 2013. Habilita\u00e7\u00e3o em Ci\u00eancias Sociais e Humanidades.<\/p>\n\n\n\n<p>OLIVEIRA, Maria Tatiana Silva; VIEIRA, Van\u00fazia Bonfim.&nbsp;<strong>A aldeia m\u00e3e Barra Velha e as m\u00e3es da aldeia<\/strong>&nbsp;= Ie Pataxilmamak\u00e3Arahuna \u00e1Makiame ugieplmamak\u00e3pup\u00e3Pataxi. 2013. Trabalho de Conclus\u00e3o de Curso (Licenciatura)\u2013Faculdade de Educa\u00e7\u00e3o, Universidade Federal de Minas Gerais, Belo Horizonte, 2013. Habilita\u00e7\u00e3o em Ci\u00eancias Sociais e Humanidades.<\/p>\n\n\n\n<p>PIMENTA, Elisiane Fernandes; OLIVEIRA, Marinete Pereira.&nbsp;<strong>Rem\u00e9dios caseiros de nossa regi\u00e3o<\/strong>. 2013. Trabalho de Conclus\u00e3o de Curso (Licenciatura)\u2013Faculdade de Educa\u00e7\u00e3o, Universidade Federal de Minas Gerais, Belo Horizonte, 2013. Habilita\u00e7\u00e3o em Ci\u00eancias Sociais e Humanidades.<\/p>\n\n\n\n<p>PIMENTA, Lucima Souza Lopes.&nbsp;<strong>A arte do barro: cer\u00e2micas e ceramistas Xakriab\u00e1<\/strong>. 2013. Trabalho de Conclus\u00e3o de Curso (Licenciatura)\u2013Faculdade de Educa\u00e7\u00e3o, Universidade Federal de Minas Gerais, Belo Horizonte, 2013. Habilita\u00e7\u00e3o em Ci\u00eancias Sociais e Humanidades.<\/p>\n\n\n\n<p>PRIMO, Elisabeth \u00c2ngela de Azevedo.&nbsp;<strong>Do oral ao compartilhamento digital<\/strong>: a apropria\u00e7\u00e3o da internet pelo ind\u00edgena brasileiro: os Guarani Kaiow\u00e1 no facebook. 2013. Trabalho de Conclus\u00e3o de Curso (Licenciatura)\u2013Faculdade de Educa\u00e7\u00e3o, Universidade Federal de Minas Gerais, Belo Horizonte, 2013. Habilita\u00e7\u00e3o em Ci\u00eancias Sociais e Humanidades.<\/p>\n\n\n\n<p>SANTANA, Rom\u00e1rio Braz.&nbsp;<strong>Pr\u00e1ticas de sustentabilidade e gest\u00e3o territorial na terra ind\u00edgena Barra Velha<\/strong>: um estudo do mangue. 2013. Trabalho de Conclus\u00e3o de Curso (Licenciatura)\u2013Faculdade de Educa\u00e7\u00e3o, Universidade Federal de Minas Gerais, Belo Horizonte, 2013. Habilita\u00e7\u00e3o em Ci\u00eancias Sociais e Humanidades.<\/p>\n\n\n\n<p>SANTOS, Genival Concei\u00e7\u00e3o dos.&nbsp;<strong>O conhecimento tradicional Patax\u00f3 sobre as plantas medicinais<\/strong>. 2013. Trabalho de Conclus\u00e3o de Curso (Licenciatura)\u2013Faculdade de Educa\u00e7\u00e3o, Universidade Federal de Minas Gerais, Belo Horizonte, 2013. Habilita\u00e7\u00e3o em Ci\u00eancias Sociais e Humanidades.<\/p>\n\n\n\n<p>SANTOS, Kaiones Braz dos.&nbsp;<strong>Patrim\u00f4nios materiais e imateriais da aldeia ind\u00edgena Patax\u00f3 de Barra Velha<\/strong>. 2013. Trabalho de Conclus\u00e3o de Curso (Licenciatura)\u2013Faculdade de Educa\u00e7\u00e3o, Universidade Federal de Minas Gerais, Belo Horizonte, 2013. Habilita\u00e7\u00e3o em Ci\u00eancias Sociais e Humanidades.<\/p>\n\n\n\n<p>SOUZA, Ana Oliveira de.&nbsp;<strong>A influ\u00eancia da lua no calend\u00e1rio do povo Xakriab\u00e1 &#8212; Rancharia<\/strong>. 2013. Trabalho de Conclus\u00e3o de Curso (Licenciatura)\u2013Faculdade de Educa\u00e7\u00e3o, Universidade Federal de Minas Gerais, Belo Horizonte, 2013. Habilita\u00e7\u00e3o em Ci\u00eancias Sociais e Humanidades.<\/p>\n\n\n\n<p>SOUZA, Cl\u00e9ia Batista de; OLIVEIRA, Dolores Santana de; ALMEIDA, Ramone Rodrigues de.&nbsp;<strong>Alimenta\u00e7\u00e3o tradicional Xacriab\u00e1<\/strong>. 2013. Trabalho de Conclus\u00e3o de Curso (Licenciatura)\u2013Faculdade de Educa\u00e7\u00e3o, Universidade Federal de Minas Gerais, Belo Horizonte, 2013. Habilita\u00e7\u00e3o em Ci\u00eancias Sociais e Humanidades.<\/p>\n\n\n\n<p>SOUZA, Donizete Barbosa de.&nbsp;<strong>Usos de documentos de identifica\u00e7\u00e3o ind\u00edgena entre os Xakriab\u00e1 de S\u00e3o Jo\u00e3o das Miss\u00f5es<\/strong>. 2013. Trabalho de Conclus\u00e3o de Curso (Licenciatura)\u2013Faculdade de Educa\u00e7\u00e3o, Universidade Federal de Minas Gerais, Belo Horizonte, 2013. Habilita\u00e7\u00e3o em Ci\u00eancias Sociais e Humanidades.<\/p>\n","protected":false},"excerpt":{"rendered":"<p>Trabalhos de conclus\u00e3o de curso dos alunos do curso de Forma\u00e7\u00e3o Intercultural de Educadores Ind\u00edgenas (FIEI) ano de 2013 ANJOS, Gilmar da Concei\u00e7\u00e3o dos.\u00a0As cantigas de roda e outras brincadeiras: o brincar de antigamente na aldeia Patax\u00f3 de Barra Velha. 2013. Trabalho de Conclus\u00e3o de Curso (Licenciatura)\u2013Faculdade de Educa\u00e7\u00e3o, Universidade Federal de Minas Gerais, Belo Horizonte, 2013. Habilita\u00e7\u00e3o em Ci\u00eancias Sociais e Humanidades. BRAZ, Aurenilson da Concei\u00e7\u00e3o.&nbsp;A escola ind\u00edgena Patax\u00f3 na aldeia de Barra Velha: uma hist\u00f3ria contada por quem participou de sua constru\u00e7\u00e3o. 2013. Trabalho de Conclus\u00e3o de Curso (Licenciatura)\u2013Faculdade de Educa\u00e7\u00e3o, Universidade Federal de Minas Gerais, Belo Horizonte,\u2026<\/p>\n","protected":false},"author":18,"featured_media":0,"parent":52,"menu_order":1,"comment_status":"closed","ping_status":"closed","template":"","meta":[],"blocksy_meta":{"styles_descriptor":{"styles":{"desktop":"","tablet":"","mobile":""},"google_fonts":[]}},"_links":{"self":[{"href":"https:\/\/www.fae.ufmg.br\/biblioteca\/wp-json\/wp\/v2\/pages\/605"}],"collection":[{"href":"https:\/\/www.fae.ufmg.br\/biblioteca\/wp-json\/wp\/v2\/pages"}],"about":[{"href":"https:\/\/www.fae.ufmg.br\/biblioteca\/wp-json\/wp\/v2\/types\/page"}],"author":[{"embeddable":true,"href":"https:\/\/www.fae.ufmg.br\/biblioteca\/wp-json\/wp\/v2\/users\/18"}],"replies":[{"embeddable":true,"href":"https:\/\/www.fae.ufmg.br\/biblioteca\/wp-json\/wp\/v2\/comments?post=605"}],"version-history":[{"count":1,"href":"https:\/\/www.fae.ufmg.br\/biblioteca\/wp-json\/wp\/v2\/pages\/605\/revisions"}],"predecessor-version":[{"id":606,"href":"https:\/\/www.fae.ufmg.br\/biblioteca\/wp-json\/wp\/v2\/pages\/605\/revisions\/606"}],"up":[{"embeddable":true,"href":"https:\/\/www.fae.ufmg.br\/biblioteca\/wp-json\/wp\/v2\/pages\/52"}],"wp:attachment":[{"href":"https:\/\/www.fae.ufmg.br\/biblioteca\/wp-json\/wp\/v2\/media?parent=605"}],"curies":[{"name":"wp","href":"https:\/\/api.w.org\/{rel}","templated":true}]}}