{"id":515,"date":"2022-04-11T09:18:03","date_gmt":"2022-04-11T12:18:03","guid":{"rendered":"https:\/\/www.fae.ufmg.br\/biblioteca\/?page_id=515"},"modified":"2022-04-20T10:20:34","modified_gmt":"2022-04-20T13:20:34","slug":"levantamento-e-pesquisa-bibliografica","status":"publish","type":"page","link":"https:\/\/www.fae.ufmg.br\/biblioteca\/servicos-e-produtos\/levantamento-e-pesquisa-bibliografica\/","title":{"rendered":"Levantamento e Pesquisa Bibliogr\u00e1fica"},"content":{"rendered":"\n<p>O levantamento bibliogr\u00e1fico tem por objetivo situar o pesquisador sobre o que foi publicado sobre o assunto escolhido, fazendo uma pesquisa\/levantamento bibliogr\u00e1fico nas bases de dados e outras fontes de informa\u00e7\u00f5es dispon\u00edveis.&nbsp;<\/p>\n\n\n\n<p>A pesquisa pode ser restrita \u00e0s publica\u00e7\u00f5es mais recentes, de um determinado per\u00edodo ou uma pesquisa mais exaustiva sobre o tema escolhido.<\/p>\n\n\n\n<p>O levantamento bibliogr\u00e1fico \u00e9 feito na base de dados de peri\u00f3dicos catalogados pela Biblioteca da FaE. Al\u00e9m do t\u00edtulo do artigo, nome(s) do(s) autor(es), etc. os resultados obtidos incluem o resumo do artigo, o que permite ao usu\u00e1rio avaliar se vai utilizar o artigo em seu trabalho. Os artigos escolhidos podem posteriormente ser obtidos fisicamente no acervo da biblioteca da FaE.<\/p>\n\n\n\n<p>Para solicitar o levantamento bibliogr\u00e1fico entre em contato pelo e-mail: <a href=\"mailto:bibref@fae.ufmg.br\">bibref@fae.ufmg.br<\/a><\/p>\n","protected":false},"excerpt":{"rendered":"<p>O levantamento bibliogr\u00e1fico tem por objetivo situar o pesquisador sobre o que foi publicado sobre o assunto escolhido, fazendo uma pesquisa\/levantamento bibliogr\u00e1fico nas bases de dados e outras fontes de informa\u00e7\u00f5es dispon\u00edveis.&nbsp; A pesquisa pode ser restrita \u00e0s publica\u00e7\u00f5es mais recentes, de um determinado per\u00edodo ou uma pesquisa mais exaustiva sobre o tema escolhido. O levantamento bibliogr\u00e1fico \u00e9 feito na base de dados de peri\u00f3dicos catalogados pela Biblioteca da FaE. Al\u00e9m do t\u00edtulo do artigo, nome(s) do(s) autor(es), etc. os resultados obtidos incluem o resumo do artigo, o que permite ao usu\u00e1rio avaliar se vai utilizar o artigo em seu\u2026<\/p>\n","protected":false},"author":1,"featured_media":0,"parent":48,"menu_order":5,"comment_status":"closed","ping_status":"closed","template":"","meta":[],"blocksy_meta":{"styles_descriptor":{"styles":{"desktop":"","tablet":"","mobile":""},"google_fonts":[]}},"_links":{"self":[{"href":"https:\/\/www.fae.ufmg.br\/biblioteca\/wp-json\/wp\/v2\/pages\/515"}],"collection":[{"href":"https:\/\/www.fae.ufmg.br\/biblioteca\/wp-json\/wp\/v2\/pages"}],"about":[{"href":"https:\/\/www.fae.ufmg.br\/biblioteca\/wp-json\/wp\/v2\/types\/page"}],"author":[{"embeddable":true,"href":"https:\/\/www.fae.ufmg.br\/biblioteca\/wp-json\/wp\/v2\/users\/1"}],"replies":[{"embeddable":true,"href":"https:\/\/www.fae.ufmg.br\/biblioteca\/wp-json\/wp\/v2\/comments?post=515"}],"version-history":[{"count":3,"href":"https:\/\/www.fae.ufmg.br\/biblioteca\/wp-json\/wp\/v2\/pages\/515\/revisions"}],"predecessor-version":[{"id":786,"href":"https:\/\/www.fae.ufmg.br\/biblioteca\/wp-json\/wp\/v2\/pages\/515\/revisions\/786"}],"up":[{"embeddable":true,"href":"https:\/\/www.fae.ufmg.br\/biblioteca\/wp-json\/wp\/v2\/pages\/48"}],"wp:attachment":[{"href":"https:\/\/www.fae.ufmg.br\/biblioteca\/wp-json\/wp\/v2\/media?parent=515"}],"curies":[{"name":"wp","href":"https:\/\/api.w.org\/{rel}","templated":true}]}}