{"id":513,"date":"2022-04-11T09:18:03","date_gmt":"2022-04-11T12:18:03","guid":{"rendered":"https:\/\/www.fae.ufmg.br\/biblioteca\/?page_id=513"},"modified":"2022-04-11T09:18:03","modified_gmt":"2022-04-11T12:18:03","slug":"servicos-de-disseminacao-de-informacao","status":"publish","type":"page","link":"https:\/\/www.fae.ufmg.br\/biblioteca\/servicos-de-disseminacao-de-informacao\/","title":{"rendered":"Servi\u00e7os de Dissemina\u00e7\u00e3o de Informa\u00e7\u00e3o"},"content":{"rendered":"","protected":false},"excerpt":{"rendered":"","protected":false},"author":1,"featured_media":0,"parent":0,"menu_order":0,"comment_status":"closed","ping_status":"closed","template":"","meta":[],"blocksy_meta":{"styles_descriptor":{"styles":{"desktop":"","tablet":"","mobile":""},"google_fonts":[]}},"_links":{"self":[{"href":"https:\/\/www.fae.ufmg.br\/biblioteca\/wp-json\/wp\/v2\/pages\/513"}],"collection":[{"href":"https:\/\/www.fae.ufmg.br\/biblioteca\/wp-json\/wp\/v2\/pages"}],"about":[{"href":"https:\/\/www.fae.ufmg.br\/biblioteca\/wp-json\/wp\/v2\/types\/page"}],"author":[{"embeddable":true,"href":"https:\/\/www.fae.ufmg.br\/biblioteca\/wp-json\/wp\/v2\/users\/1"}],"replies":[{"embeddable":true,"href":"https:\/\/www.fae.ufmg.br\/biblioteca\/wp-json\/wp\/v2\/comments?post=513"}],"version-history":[{"count":1,"href":"https:\/\/www.fae.ufmg.br\/biblioteca\/wp-json\/wp\/v2\/pages\/513\/revisions"}],"predecessor-version":[{"id":518,"href":"https:\/\/www.fae.ufmg.br\/biblioteca\/wp-json\/wp\/v2\/pages\/513\/revisions\/518"}],"wp:attachment":[{"href":"https:\/\/www.fae.ufmg.br\/biblioteca\/wp-json\/wp\/v2\/media?parent=513"}],"curies":[{"name":"wp","href":"https:\/\/api.w.org\/{rel}","templated":true}]}}