{"id":462,"date":"2022-04-07T17:08:51","date_gmt":"2022-04-07T20:08:51","guid":{"rendered":"https:\/\/www.fae.ufmg.br\/biblioteca\/?page_id=462"},"modified":"2022-04-08T17:17:38","modified_gmt":"2022-04-08T20:17:38","slug":"cadastro-na-bilbioteca","status":"publish","type":"page","link":"https:\/\/www.fae.ufmg.br\/biblioteca\/servicos-e-produtos\/cadastro-na-bilbioteca\/","title":{"rendered":"Cadastro na Biblioteca"},"content":{"rendered":"\n<p>Para realizar o cadastro na Biblioteca antes \u00e9 necess\u00e1rio realizar um treinamento online do Sistema de Bibliotecas da UFMG destinado para novos usu\u00e1rios.&nbsp; Em cerca de quatro horas, s\u00e3o apresentados os servi\u00e7os prestados pelas 25 bibliotecas, bem como os direitos e deveres de quem os utiliza.<\/p>\n\n\n\n<p>O treinamento pode ser acessado atrav\u00e9s de login minhaUFMG pelo link:&nbsp; <a href=\"https:\/\/virtual.ufmg.br\/plataforma\/course\/view.php?id=233\">https:\/\/virtual.ufmg.br\/plataforma\/course\/view.php?id=233<\/a>. Ao fim do treinamento os participantes respondem um question\u00e1rio-teste e, os que obt\u00eam nota m\u00ednima, recebem um certificado de conclus\u00e3o, obtido na pr\u00f3pria plataforma.<\/p>\n\n\n\n<p>Ap\u00f3s concluir o treinamento envie os seguintes documentos para o e-mail <a href=\"mailto:bibref@fae.ufmg.br\">bibref@fae.ufmg.br<\/a>:<\/p>\n\n\n\n<ul><li>Certificado de conclus\u00e3o do treinamento<\/li><li>Comprovante de matr\u00edcula atualizado<\/li><li>E-mail institucional (@ufmg.br)<\/li><li>Telefone celular (com c\u00f3digo de \u00e1rea)<\/li><li>CPF<\/li><\/ul>\n\n\n\n<p>Voc\u00ea receber\u00e1 um e-mail da Biblioteca com uma senha provis\u00f3ria. Altere sua senha atrav\u00e9s do <a href=\"https:\/\/catalogobiblioteca.ufmg.br\/pergamum\/biblioteca_s\/php\/login_usu.php?flag=index.php\" data-type=\"URL\" data-id=\"https:\/\/catalogobiblioteca.ufmg.br\/pergamum\/biblioteca_s\/php\/login_usu.php?flag=index.php\">Acesso Usu\u00e1rio<\/a> na p\u00e1gina do cat\u00e1logo do Sistema de bibliotecas da UFMG.<\/p>\n\n\n\n<p>Para realizar empr\u00e9stimos \u00e9 necess\u00e1rio apresentar a carteira \u00fanica da UFMG, de uso pessoal e intransfer\u00edvel. Na sua aus\u00eancia, poder\u00e1 ser apresentado documento original com foto e comprovante de matr\u00edcula atualizado.<\/p>\n","protected":false},"excerpt":{"rendered":"<p>Para realizar o cadastro na Biblioteca antes \u00e9 necess\u00e1rio realizar um treinamento online do Sistema de Bibliotecas da UFMG destinado para novos usu\u00e1rios.&nbsp; Em cerca de quatro horas, s\u00e3o apresentados os servi\u00e7os prestados pelas 25 bibliotecas, bem como os direitos e deveres de quem os utiliza. O treinamento pode ser acessado atrav\u00e9s de login minhaUFMG pelo link:&nbsp; https:\/\/virtual.ufmg.br\/plataforma\/course\/view.php?id=233. Ao fim do treinamento os participantes respondem um question\u00e1rio-teste e, os que obt\u00eam nota m\u00ednima, recebem um certificado de conclus\u00e3o, obtido na pr\u00f3pria plataforma. Ap\u00f3s concluir o treinamento envie os seguintes documentos para o e-mail bibref@fae.ufmg.br: Certificado de conclus\u00e3o do treinamento Comprovante\u2026<\/p>\n","protected":false},"author":18,"featured_media":0,"parent":48,"menu_order":1,"comment_status":"closed","ping_status":"closed","template":"","meta":[],"blocksy_meta":{"styles_descriptor":{"styles":{"desktop":"","tablet":"","mobile":""},"google_fonts":[]}},"_links":{"self":[{"href":"https:\/\/www.fae.ufmg.br\/biblioteca\/wp-json\/wp\/v2\/pages\/462"}],"collection":[{"href":"https:\/\/www.fae.ufmg.br\/biblioteca\/wp-json\/wp\/v2\/pages"}],"about":[{"href":"https:\/\/www.fae.ufmg.br\/biblioteca\/wp-json\/wp\/v2\/types\/page"}],"author":[{"embeddable":true,"href":"https:\/\/www.fae.ufmg.br\/biblioteca\/wp-json\/wp\/v2\/users\/18"}],"replies":[{"embeddable":true,"href":"https:\/\/www.fae.ufmg.br\/biblioteca\/wp-json\/wp\/v2\/comments?post=462"}],"version-history":[{"count":2,"href":"https:\/\/www.fae.ufmg.br\/biblioteca\/wp-json\/wp\/v2\/pages\/462\/revisions"}],"predecessor-version":[{"id":464,"href":"https:\/\/www.fae.ufmg.br\/biblioteca\/wp-json\/wp\/v2\/pages\/462\/revisions\/464"}],"up":[{"embeddable":true,"href":"https:\/\/www.fae.ufmg.br\/biblioteca\/wp-json\/wp\/v2\/pages\/48"}],"wp:attachment":[{"href":"https:\/\/www.fae.ufmg.br\/biblioteca\/wp-json\/wp\/v2\/media?parent=462"}],"curies":[{"name":"wp","href":"https:\/\/api.w.org\/{rel}","templated":true}]}}