{"id":44,"date":"2021-09-08T07:51:59","date_gmt":"2021-09-08T10:51:59","guid":{"rendered":"https:\/\/www.fae.ufmg.br\/biblioteca\/?page_id=44"},"modified":"2023-06-19T15:51:51","modified_gmt":"2023-06-19T18:51:51","slug":"repositorio-da-ufmg","status":"publish","type":"page","link":"https:\/\/www.fae.ufmg.br\/biblioteca\/recursos-online\/repositorio-da-ufmg\/","title":{"rendered":"Reposit\u00f3rio Institucional da UFMG"},"content":{"rendered":"\n<div class=\"wp-block-image\"><figure class=\"aligncenter size-large is-resized\"><a href=\"https:\/\/repositorio.ufmg.br\/\" target=\"_blank\" rel=\"noopener\"><img loading=\"lazy\" src=\"https:\/\/www.fae.ufmg.br\/biblioteca\/wp-content\/uploads\/sites\/7\/2022\/05\/base-1024x416.png\" alt=\"\" class=\"wp-image-931\" width=\"564\" height=\"228\" srcset=\"https:\/\/www.fae.ufmg.br\/biblioteca\/wp-content\/uploads\/sites\/7\/2022\/05\/base-1024x416.png 1024w, https:\/\/www.fae.ufmg.br\/biblioteca\/wp-content\/uploads\/sites\/7\/2022\/05\/base-300x122.png 300w, https:\/\/www.fae.ufmg.br\/biblioteca\/wp-content\/uploads\/sites\/7\/2022\/05\/base-768x312.png 768w, https:\/\/www.fae.ufmg.br\/biblioteca\/wp-content\/uploads\/sites\/7\/2022\/05\/base-205x83.png 205w, https:\/\/www.fae.ufmg.br\/biblioteca\/wp-content\/uploads\/sites\/7\/2022\/05\/base.png 1058w\" sizes=\"(max-width: 564px) 100vw, 564px\" \/><\/a><\/figure><\/div>\n\n\n\n<p>O Reposit\u00f3rio Institucional da Universidade Federal de Minas Gerais (RI-UFMG) est\u00e1 inserido no movimento mundial de acesso aberto \u00e0 produ\u00e7\u00e3o intelectual (cient\u00edfica, t\u00e9cnica, art\u00edstica e cultural). Constitui um ambiente que armazena a produ\u00e7\u00e3o intelectual da UFMG em formato digital, permitindo a busca e recupera\u00e7\u00e3o da informa\u00e7\u00e3o.&nbsp; Tem o prop\u00f3sito de reunir, preservar, disseminar e promover o acesso aos recursos digitais criados pela comunidade UFMG a fim de proporcionar o interc\u00e2mbio intelectual, a criatividade, o conhecimento e a inova\u00e7\u00e3o.<\/p>\n\n\n\n<p>Por meio dele, ser\u00e1 poss\u00edvel ter acesso ao documento completo das publica\u00e7\u00f5es cient\u00edficas da UFMG, quando elas estiverem em acesso aberto. Quando n\u00e3o estiverem, ser\u00e3o disponibilizados links para os editores das publica\u00e7\u00f5es. Abrange tamb\u00e9m as teses e disserta\u00e7\u00f5es defendidas na Universidade, que est\u00e3o armazenadas no reposit\u00f3rio.<\/p>\n\n\n\n<p>Para instru\u00e7\u00f5es do autoarquivamento do seu trabalho acad\u00eamico no Reposit\u00f3rio Institucional da UFMG acesse este v\u00eddeo: <a href=\"https:\/\/youtu.be\/uX_kDo2brUc\" target=\"_blank\" rel=\"noreferrer noopener\">https:\/\/youtu.be\/uX_kDo2brUc<\/a><\/p>\n\n\n\n<p>Para acessar o reposit\u00f3rio clique no bot\u00e3o abaixo.<\/p>\n\n\n\n<div class=\"wp-block-buttons\">\n<div class=\"wp-block-button\"><a class=\"wp-block-button__link\" href=\"https:\/\/repositorio.ufmg.br\/\/\" target=\"_blank\" rel=\"noreferrer noopener\">Reposit\u00f3rio Institucional UFMG<\/a><\/div>\n<\/div>\n\n\n\n<p><\/p>\n","protected":false},"excerpt":{"rendered":"<p>O Reposit\u00f3rio Institucional da Universidade Federal de Minas Gerais (RI-UFMG) est\u00e1 inserido no movimento mundial de acesso aberto \u00e0 produ\u00e7\u00e3o intelectual (cient\u00edfica, t\u00e9cnica, art\u00edstica e cultural). Constitui um ambiente que armazena a produ\u00e7\u00e3o intelectual da UFMG em formato digital, permitindo a busca e recupera\u00e7\u00e3o da informa\u00e7\u00e3o.&nbsp; Tem o prop\u00f3sito de reunir, preservar, disseminar e promover o acesso aos recursos digitais criados pela comunidade UFMG a fim de proporcionar o interc\u00e2mbio intelectual, a criatividade, o conhecimento e a inova\u00e7\u00e3o. Por meio dele, ser\u00e1 poss\u00edvel ter acesso ao documento completo das publica\u00e7\u00f5es cient\u00edficas da UFMG, quando elas estiverem em acesso aberto. Quando\u2026<\/p>\n","protected":false},"author":1,"featured_media":0,"parent":41,"menu_order":0,"comment_status":"closed","ping_status":"closed","template":"","meta":[],"blocksy_meta":{"styles_descriptor":{"styles":{"desktop":"","tablet":"","mobile":""},"google_fonts":[]}},"_links":{"self":[{"href":"https:\/\/www.fae.ufmg.br\/biblioteca\/wp-json\/wp\/v2\/pages\/44"}],"collection":[{"href":"https:\/\/www.fae.ufmg.br\/biblioteca\/wp-json\/wp\/v2\/pages"}],"about":[{"href":"https:\/\/www.fae.ufmg.br\/biblioteca\/wp-json\/wp\/v2\/types\/page"}],"author":[{"embeddable":true,"href":"https:\/\/www.fae.ufmg.br\/biblioteca\/wp-json\/wp\/v2\/users\/1"}],"replies":[{"embeddable":true,"href":"https:\/\/www.fae.ufmg.br\/biblioteca\/wp-json\/wp\/v2\/comments?post=44"}],"version-history":[{"count":4,"href":"https:\/\/www.fae.ufmg.br\/biblioteca\/wp-json\/wp\/v2\/pages\/44\/revisions"}],"predecessor-version":[{"id":1284,"href":"https:\/\/www.fae.ufmg.br\/biblioteca\/wp-json\/wp\/v2\/pages\/44\/revisions\/1284"}],"up":[{"embeddable":true,"href":"https:\/\/www.fae.ufmg.br\/biblioteca\/wp-json\/wp\/v2\/pages\/41"}],"wp:attachment":[{"href":"https:\/\/www.fae.ufmg.br\/biblioteca\/wp-json\/wp\/v2\/media?parent=44"}],"curies":[{"name":"wp","href":"https:\/\/api.w.org\/{rel}","templated":true}]}}