{"id":36,"date":"2021-09-08T07:51:59","date_gmt":"2021-09-08T10:51:59","guid":{"rendered":"https:\/\/www.fae.ufmg.br\/biblioteca\/?page_id=36"},"modified":"2025-03-06T15:37:04","modified_gmt":"2025-03-06T18:37:04","slug":"sobre-a-biblioteca","status":"publish","type":"page","link":"https:\/\/www.fae.ufmg.br\/biblioteca\/sobre-a-biblioteca\/","title":{"rendered":"Sobre a Biblioteca"},"content":{"rendered":"\n<p>A Biblioteca Prof.\u00aa Ala\u00edde Lisboa de Oliveira tem como miss\u00e3o prover os docentes, discentes e t\u00e9cnico-administrativos da Faculdade de Educa\u00e7\u00e3o (FAE) da Universidade Federal de Minas Gerais das informa\u00e7\u00f5es necess\u00e1rias \u00e0s suas atividades de Ensino, Pesquisa e Extens\u00e3o na \u00e1rea de Educa\u00e7\u00e3o e \u00e9 parte do Sistema de Bibliotecas da UFMG, composto por 25 bibliotecas nas diversas \u00e1reas do conhecimento.<\/p>\n\n\n\n<p>Al\u00e9m da comunidade interna (alunos do ensino fundamental, m\u00e9dio, t\u00e9cnico, gradua\u00e7\u00e3o, p\u00f3s-gradua\u00e7\u00e3o, professores e funcion\u00e1rios) a Biblioteca tamb\u00e9m atende os usu\u00e1rios da comunidade externa \u2013 de outras institui\u00e7\u00f5es, pesquisadores, alunos de interc\u00e2mbio, demais visitantes e quaisquer cidad\u00e3os que desejam estudar em suas instala\u00e7\u00f5es e consultar internamente o acervo bibliogr\u00e1fico da Institui\u00e7\u00e3o.<\/p>\n\n\n\n<p>\u00c9 Biblioteca Base do Comut\/Ibict, est\u00e1 no Cat\u00e1logo Coletivo Nacional (CCN) e no diret\u00f3rio de Bibliotecas da Organiza\u00e7\u00e3o dos Estados Iberos-Americanos (OEI), \u00e9 centro difusor da Rede Latino-americana de Organiza\u00e7\u00f5es da Sociedade Civil para a Educa\u00e7\u00e3o (Reduca) e mant\u00e9m interc\u00e2mbio com mais de duzentas institui\u00e7\u00f5es no Brasil e exterior, destacando as institui\u00e7\u00f5es da Am\u00e9rica Latina.<\/p>\n\n\n\n<p>O acervo tombado \u00e9 de aproximadamente 80 mil exemplares, composto por livros, publica\u00e7\u00f5es especiais, teses, disserta\u00e7\u00f5es, cole\u00e7\u00f5es especiais, acervos raros, folhetos e v\u00eddeos. Tamb\u00e9m disp\u00f5e de uma cole\u00e7\u00e3o de peri\u00f3dicos cient\u00edficos composta por 954 t\u00edtulos, sendo 347 correntes.<\/p>\n\n\n\n<p>A Biblioteca possui uma equipe de 8 Bibliotec\u00e1rios, 1 Assistente e 5 Bolsistas, distribu\u00eddos pelos seus diversos setores.<\/p>\n\n\n\n<p>A Biblioteca da FAE est\u00e1 subordinada \u00e0 Dire\u00e7\u00e3o da Faculdade de Educa\u00e7\u00e3o e tecnicamente \u00e9 orientada pela Biblioteca Universit\u00e1ria. Tem como \u00f3rg\u00e3o consultivo imediato a Comiss\u00e3o Consultiva da Biblioteca, sendo composta por um representante docente, um representante discente e um representante dos TAES da FAE.<\/p>\n\n\n\n<p>A Biblioteca est\u00e1 \u00e1 sua disposi\u00e7\u00e3o<\/p>\n","protected":false},"excerpt":{"rendered":"<p>A Biblioteca Prof.\u00aa Ala\u00edde Lisboa de Oliveira tem como miss\u00e3o prover os docentes, discentes e t\u00e9cnico-administrativos da Faculdade de Educa\u00e7\u00e3o (FAE) da Universidade Federal de Minas Gerais das informa\u00e7\u00f5es necess\u00e1rias \u00e0s suas atividades de Ensino, Pesquisa e Extens\u00e3o na \u00e1rea de Educa\u00e7\u00e3o e \u00e9 parte do Sistema de Bibliotecas da UFMG, composto por 25 bibliotecas nas diversas \u00e1reas do conhecimento. Al\u00e9m da comunidade interna (alunos do ensino fundamental, m\u00e9dio, t\u00e9cnico, gradua\u00e7\u00e3o, p\u00f3s-gradua\u00e7\u00e3o, professores e funcion\u00e1rios) a Biblioteca tamb\u00e9m atende os usu\u00e1rios da comunidade externa \u2013 de outras institui\u00e7\u00f5es, pesquisadores, alunos de interc\u00e2mbio, demais visitantes e quaisquer cidad\u00e3os que desejam estudar\u2026<\/p>\n","protected":false},"author":1,"featured_media":0,"parent":0,"menu_order":0,"comment_status":"closed","ping_status":"closed","template":"","meta":[],"blocksy_meta":{"styles_descriptor":{"styles":{"desktop":"","tablet":"","mobile":""},"google_fonts":[]}},"_links":{"self":[{"href":"https:\/\/www.fae.ufmg.br\/biblioteca\/wp-json\/wp\/v2\/pages\/36"}],"collection":[{"href":"https:\/\/www.fae.ufmg.br\/biblioteca\/wp-json\/wp\/v2\/pages"}],"about":[{"href":"https:\/\/www.fae.ufmg.br\/biblioteca\/wp-json\/wp\/v2\/types\/page"}],"author":[{"embeddable":true,"href":"https:\/\/www.fae.ufmg.br\/biblioteca\/wp-json\/wp\/v2\/users\/1"}],"replies":[{"embeddable":true,"href":"https:\/\/www.fae.ufmg.br\/biblioteca\/wp-json\/wp\/v2\/comments?post=36"}],"version-history":[{"count":6,"href":"https:\/\/www.fae.ufmg.br\/biblioteca\/wp-json\/wp\/v2\/pages\/36\/revisions"}],"predecessor-version":[{"id":1480,"href":"https:\/\/www.fae.ufmg.br\/biblioteca\/wp-json\/wp\/v2\/pages\/36\/revisions\/1480"}],"wp:attachment":[{"href":"https:\/\/www.fae.ufmg.br\/biblioteca\/wp-json\/wp\/v2\/media?parent=36"}],"curies":[{"name":"wp","href":"https:\/\/api.w.org\/{rel}","templated":true}]}}