{"id":191,"date":"2021-12-09T13:20:28","date_gmt":"2021-12-09T16:20:28","guid":{"rendered":"https:\/\/www.fae.ufmg.br\/biblioteca\/?page_id=191"},"modified":"2022-05-18T10:20:36","modified_gmt":"2022-05-18T13:20:36","slug":"ebooks-2","status":"publish","type":"page","link":"https:\/\/www.fae.ufmg.br\/biblioteca\/recursos-online\/ebooks-2\/","title":{"rendered":"Portal de Livros Abertos"},"content":{"rendered":"\n<div class=\"wp-block-image\"><figure class=\"aligncenter size-full is-resized\"><a href=\"https:\/\/livrosabertos.fae.ufmg.br\/\" target=\"_blank\" rel=\"noopener\"><img loading=\"lazy\" src=\"https:\/\/www.fae.ufmg.br\/biblioteca\/wp-content\/uploads\/sites\/7\/2022\/05\/Portal.jpg\" alt=\"\" class=\"wp-image-926\" width=\"511\" height=\"143\" srcset=\"https:\/\/www.fae.ufmg.br\/biblioteca\/wp-content\/uploads\/sites\/7\/2022\/05\/Portal.jpg 1006w, https:\/\/www.fae.ufmg.br\/biblioteca\/wp-content\/uploads\/sites\/7\/2022\/05\/Portal-300x84.jpg 300w, https:\/\/www.fae.ufmg.br\/biblioteca\/wp-content\/uploads\/sites\/7\/2022\/05\/Portal-768x216.jpg 768w, https:\/\/www.fae.ufmg.br\/biblioteca\/wp-content\/uploads\/sites\/7\/2022\/05\/Portal-205x58.jpg 205w\" sizes=\"(max-width: 511px) 100vw, 511px\" \/><\/a><\/figure><\/div>\n\n\n\n<p>O Portal de Livros Abertos da Faculdade de Educa\u00e7\u00e3o \u00e9 uma iniciativa institucional da FaE (UFMG) em articula\u00e7\u00e3o com o Reposit\u00f3rio Institucional da UFMG, que visa disponibilizar a produ\u00e7\u00e3o acad\u00eamico-cient\u00edfica de docentes, discentes e T\u00e9cnicos Administrativos em Educa\u00e7\u00e3o que mant\u00eam ou mantiveram v\u00ednculo com a Faculdade. <\/p>\n\n\n\n<p>O Portal disponibilizar\u00e1, tamb\u00e9m, produ\u00e7\u00f5es de responsabilidade de pessoas sem v\u00ednculo direto com a Faculdade desde que sejam aprovadas por seu Conselho Editorial ou pelo Conselho Editorial da Editora FaE. <\/p>\n\n\n\n<p>Trata-se de um Portal de acesso aberto e que, inicialmente, disponibilizar\u00e1 material publicados na forma de livros tanto pela Editora FaE quanto por outras editoras do pa\u00eds.<\/p>\n\n\n\n<div class=\"wp-block-buttons\">\n<div class=\"wp-block-button\"><a class=\"wp-block-button__link\" href=\"https:\/\/livrosabertos.fae.ufmg.br\/\" target=\"_blank\" rel=\"noreferrer noopener\">Portal de Livros Abertos<\/a><\/div>\n<\/div>\n\n\n\n<p><\/p>\n","protected":false},"excerpt":{"rendered":"<p>O Portal de Livros Abertos da Faculdade de Educa\u00e7\u00e3o \u00e9 uma iniciativa institucional da FaE (UFMG) em articula\u00e7\u00e3o com o Reposit\u00f3rio Institucional da UFMG, que visa disponibilizar a produ\u00e7\u00e3o acad\u00eamico-cient\u00edfica de docentes, discentes e T\u00e9cnicos Administrativos em Educa\u00e7\u00e3o que mant\u00eam ou mantiveram v\u00ednculo com a Faculdade. O Portal disponibilizar\u00e1, tamb\u00e9m, produ\u00e7\u00f5es de responsabilidade de pessoas sem v\u00ednculo direto com a Faculdade desde que sejam aprovadas por seu Conselho Editorial ou pelo Conselho Editorial da Editora FaE. Trata-se de um Portal de acesso aberto e que, inicialmente, disponibilizar\u00e1 material publicados na forma de livros tanto pela Editora FaE quanto por outras\u2026<\/p>\n","protected":false},"author":1,"featured_media":0,"parent":41,"menu_order":0,"comment_status":"closed","ping_status":"closed","template":"","meta":[],"blocksy_meta":{"styles_descriptor":{"styles":{"desktop":"","tablet":"","mobile":""},"google_fonts":[]}},"_links":{"self":[{"href":"https:\/\/www.fae.ufmg.br\/biblioteca\/wp-json\/wp\/v2\/pages\/191"}],"collection":[{"href":"https:\/\/www.fae.ufmg.br\/biblioteca\/wp-json\/wp\/v2\/pages"}],"about":[{"href":"https:\/\/www.fae.ufmg.br\/biblioteca\/wp-json\/wp\/v2\/types\/page"}],"author":[{"embeddable":true,"href":"https:\/\/www.fae.ufmg.br\/biblioteca\/wp-json\/wp\/v2\/users\/1"}],"replies":[{"embeddable":true,"href":"https:\/\/www.fae.ufmg.br\/biblioteca\/wp-json\/wp\/v2\/comments?post=191"}],"version-history":[{"count":18,"href":"https:\/\/www.fae.ufmg.br\/biblioteca\/wp-json\/wp\/v2\/pages\/191\/revisions"}],"predecessor-version":[{"id":934,"href":"https:\/\/www.fae.ufmg.br\/biblioteca\/wp-json\/wp\/v2\/pages\/191\/revisions\/934"}],"up":[{"embeddable":true,"href":"https:\/\/www.fae.ufmg.br\/biblioteca\/wp-json\/wp\/v2\/pages\/41"}],"wp:attachment":[{"href":"https:\/\/www.fae.ufmg.br\/biblioteca\/wp-json\/wp\/v2\/media?parent=191"}],"curies":[{"name":"wp","href":"https:\/\/api.w.org\/{rel}","templated":true}]}}