{"id":1224,"date":"2023-03-23T15:10:07","date_gmt":"2023-03-23T18:10:07","guid":{"rendered":"https:\/\/www.fae.ufmg.br\/biblioteca\/?page_id=1224"},"modified":"2023-03-23T15:39:48","modified_gmt":"2023-03-23T18:39:48","slug":"declaracao-de-nada-consta","status":"publish","type":"page","link":"https:\/\/www.fae.ufmg.br\/biblioteca\/servicos-e-produtos\/declaracao-de-nada-consta\/","title":{"rendered":"Declara\u00e7\u00e3o de Nada Consta"},"content":{"rendered":"\n<p>Documento emitido pela Biblioteca atestando que o usu\u00e1rio n\u00e3o apresenta nenhuma pend\u00eancia (multas, empr\u00e9stimos) com as Bibliotecas da UFMG.<\/p>\n\n\n\n<p>O Nada Consta deve ser solicitado via e-mail. O&nbsp;usu\u00e1rio dever\u00e1 encaminhar um e-mail para a Biblioteca  solicitando a emiss\u00e3o do documento, informando nome completo, n\u00famero da matr\u00edcula e o motivo da solicita\u00e7\u00e3o (cancelamento ou trancamento de matr\u00edcula, transfer\u00eancia, cola\u00e7\u00e3o de grau etc.).<\/p>\n","protected":false},"excerpt":{"rendered":"<p>Documento emitido pela Biblioteca atestando que o usu\u00e1rio n\u00e3o apresenta nenhuma pend\u00eancia (multas, empr\u00e9stimos) com as Bibliotecas da UFMG. O Nada Consta deve ser solicitado via e-mail. O&nbsp;usu\u00e1rio dever\u00e1 encaminhar um e-mail para a Biblioteca solicitando a emiss\u00e3o do documento, informando nome completo, n\u00famero da matr\u00edcula e o motivo da solicita\u00e7\u00e3o (cancelamento ou trancamento de matr\u00edcula, transfer\u00eancia, cola\u00e7\u00e3o de grau etc.).<\/p>\n","protected":false},"author":18,"featured_media":0,"parent":48,"menu_order":0,"comment_status":"closed","ping_status":"closed","template":"","meta":[],"blocksy_meta":{"styles_descriptor":{"styles":{"desktop":"","tablet":"","mobile":""},"google_fonts":[]}},"_links":{"self":[{"href":"https:\/\/www.fae.ufmg.br\/biblioteca\/wp-json\/wp\/v2\/pages\/1224"}],"collection":[{"href":"https:\/\/www.fae.ufmg.br\/biblioteca\/wp-json\/wp\/v2\/pages"}],"about":[{"href":"https:\/\/www.fae.ufmg.br\/biblioteca\/wp-json\/wp\/v2\/types\/page"}],"author":[{"embeddable":true,"href":"https:\/\/www.fae.ufmg.br\/biblioteca\/wp-json\/wp\/v2\/users\/18"}],"replies":[{"embeddable":true,"href":"https:\/\/www.fae.ufmg.br\/biblioteca\/wp-json\/wp\/v2\/comments?post=1224"}],"version-history":[{"count":2,"href":"https:\/\/www.fae.ufmg.br\/biblioteca\/wp-json\/wp\/v2\/pages\/1224\/revisions"}],"predecessor-version":[{"id":1238,"href":"https:\/\/www.fae.ufmg.br\/biblioteca\/wp-json\/wp\/v2\/pages\/1224\/revisions\/1238"}],"up":[{"embeddable":true,"href":"https:\/\/www.fae.ufmg.br\/biblioteca\/wp-json\/wp\/v2\/pages\/48"}],"wp:attachment":[{"href":"https:\/\/www.fae.ufmg.br\/biblioteca\/wp-json\/wp\/v2\/media?parent=1224"}],"curies":[{"name":"wp","href":"https:\/\/api.w.org\/{rel}","templated":true}]}}