{"id":1016,"date":"2022-10-24T12:15:52","date_gmt":"2022-10-24T15:15:52","guid":{"rendered":"https:\/\/www.fae.ufmg.br\/biblioteca\/?page_id=1016"},"modified":"2022-11-10T07:30:26","modified_gmt":"2022-11-10T10:30:26","slug":"2020-lecampo","status":"publish","type":"page","link":"https:\/\/www.fae.ufmg.br\/biblioteca\/recursos-online\/monografias-do-lecampo\/2020-lecampo\/","title":{"rendered":"2020 &#8211; Lecampo"},"content":{"rendered":"\n<p><strong>Trabalhos de conclus\u00e3o de curso dos alunos do curso de Licenciatura em Educa\u00e7\u00e3o do Campo (LECAMPO) do ano de 2020<\/strong><\/p>\n\n\n\n<div class=\"wp-block-group\"><div class=\"wp-block-group__inner-container\">\n<p>ALMEIDA, Josiane Ramalho de. <strong>Mulheres do campo<\/strong>: trajet\u00f3rias e lutas em meio a rosas e espinhos. 2020. 109 f. Trabalho de Conclus\u00e3o de Curso (Licenciatura em Educa\u00e7\u00e3o do Campo, Habilita\u00e7\u00e3o em Matem\u00e1tica.) \u2013 Faculdade de Educa\u00e7\u00e3o, Universidade Federal de Minas Gerais, Belo Horizonte, 2020. Orientadora: Gleice Aparecida de Moraes Lima. <\/p>\n\n\n\n<p><a href=\"https:\/\/www.fae.ufmg.br\/biblioteca\/wp-content\/uploads\/sites\/7\/2022\/10\/TCC-JOSIANE-revisado.pdf\"><img loading=\"lazy\" width=\"50\" height=\"50\" class=\"wp-image-1053\" style=\"width: 50px\" src=\"https:\/\/www.fae.ufmg.br\/biblioteca\/wp-content\/uploads\/sites\/7\/2022\/10\/pdf-download-icon.gif\" alt=\"\" srcset=\"https:\/\/www.fae.ufmg.br\/biblioteca\/wp-content\/uploads\/sites\/7\/2022\/10\/pdf-download-icon.gif 50w, https:\/\/www.fae.ufmg.br\/biblioteca\/wp-content\/uploads\/sites\/7\/2022\/10\/pdf-download-icon-40x40.gif 40w\" sizes=\"(max-width: 50px) 100vw, 50px\" \/><\/a><\/p>\n<\/div><\/div>\n\n\n\n<div class=\"wp-block-group\"><div class=\"wp-block-group__inner-container\">\n<p>COUTINHO, Eliziara Pereira. <strong>\u201cN\u00e3o precisa pensar que \u00e9 coisa com coisa, porque, n\u00e3o \u00e9 coisa com coisa n\u00e3o!\u201d<\/strong>: pr\u00e1ticas de numeramento na produ\u00e7\u00e3o do chap\u00e9u de palha de coqueiro indai\u00e1 na comunidade Lapinha em Morro do Pilar &#8211; MG. 2020. 74 f. Trabalho de Conclus\u00e3o de Curso (Licenciatura em Educa\u00e7\u00e3o do Campo, Habilita\u00e7\u00e3o em Matem\u00e1tica.) \u2013 Faculdade de Educa\u00e7\u00e3o, Universidade Federal de Minas Gerais, Belo Horizonte, 2020. Orientadora: Maria da Concei\u00e7\u00e3o Ferreira Reis Fonseca. <\/p>\n\n\n\n<figure class=\"wp-block-image size-full\"><a href=\"https:\/\/www.fae.ufmg.br\/biblioteca\/wp-content\/uploads\/sites\/7\/2022\/10\/Monografia-Eliziara-LeCampo-Matematica-2016.pdf\"><img loading=\"lazy\" width=\"50\" height=\"50\" src=\"https:\/\/www.fae.ufmg.br\/biblioteca\/wp-content\/uploads\/sites\/7\/2022\/10\/pdf-download-icon.gif\" alt=\"\" class=\"wp-image-1053\" srcset=\"https:\/\/www.fae.ufmg.br\/biblioteca\/wp-content\/uploads\/sites\/7\/2022\/10\/pdf-download-icon.gif 50w, https:\/\/www.fae.ufmg.br\/biblioteca\/wp-content\/uploads\/sites\/7\/2022\/10\/pdf-download-icon-40x40.gif 40w\" sizes=\"(max-width: 50px) 100vw, 50px\" \/><\/a><\/figure>\n<\/div><\/div>\n\n\n\n<div class=\"wp-block-group\"><div class=\"wp-block-group__inner-container\">\n<p>DIAS, Marisa Ramos. <strong>Pr\u00e1ticas matem\u00e1ticas identificadas na produ\u00e7\u00e3o da farinha de mandioca de uma fam\u00edlia geraizeira na comunidade de raiz em Rio Pardo de Minas, MG<\/strong>. 2020. 45 f. Trabalho de Conclus\u00e3o de Curso (Licenciatura em Educa\u00e7\u00e3o do Campo, Habilita\u00e7\u00e3o em Matem\u00e1tica.) \u2013 Faculdade de Educa\u00e7\u00e3o, Universidade Federal de Minas Gerais, Belo Horizonte, 2020. Orientador: Wagner Ahmad Auarek. <\/p>\n\n\n\n<figure class=\"wp-block-image size-full\"><a href=\"https:\/\/www.fae.ufmg.br\/biblioteca\/wp-content\/uploads\/sites\/7\/2022\/10\/Monografia-Marisa.pdf\"><img loading=\"lazy\" width=\"50\" height=\"50\" src=\"https:\/\/www.fae.ufmg.br\/biblioteca\/wp-content\/uploads\/sites\/7\/2022\/10\/pdf-download-icon.gif\" alt=\"\" class=\"wp-image-1053\" srcset=\"https:\/\/www.fae.ufmg.br\/biblioteca\/wp-content\/uploads\/sites\/7\/2022\/10\/pdf-download-icon.gif 50w, https:\/\/www.fae.ufmg.br\/biblioteca\/wp-content\/uploads\/sites\/7\/2022\/10\/pdf-download-icon-40x40.gif 40w\" sizes=\"(max-width: 50px) 100vw, 50px\" \/><\/a><\/figure>\n<\/div><\/div>\n\n\n\n<div class=\"wp-block-group\"><div class=\"wp-block-group__inner-container\">\n<p> DIAS, Welisson David Rodrigues. <strong>As rela\u00e7\u00f5es de com\u00e9rcio na venda do polvilho na comunidade de Monte Alegre I<\/strong>: desvelando tens\u00f5es, um ponto de vista da teoria da atividade. 2020. 34 f. Trabalho de Conclus\u00e3o de Curso (Licenciatura em Educa\u00e7\u00e3o do Campo, Habilita\u00e7\u00e3o em Matem\u00e1tica.) \u2013 Faculdade de Educa\u00e7\u00e3o, Universidade Federal de Minas Gerais, Belo Horizonte, 2020. Orientadora: Teresinha Fumi Kawasaki. <\/p>\n\n\n\n<figure class=\"wp-block-image size-full\"><a href=\"https:\/\/www.fae.ufmg.br\/biblioteca\/wp-content\/uploads\/sites\/7\/2022\/10\/WelissonTCC-ultima-versao.pdf\"><img loading=\"lazy\" width=\"50\" height=\"50\" src=\"https:\/\/www.fae.ufmg.br\/biblioteca\/wp-content\/uploads\/sites\/7\/2022\/10\/pdf-download-icon.gif\" alt=\"\" class=\"wp-image-1053\" srcset=\"https:\/\/www.fae.ufmg.br\/biblioteca\/wp-content\/uploads\/sites\/7\/2022\/10\/pdf-download-icon.gif 50w, https:\/\/www.fae.ufmg.br\/biblioteca\/wp-content\/uploads\/sites\/7\/2022\/10\/pdf-download-icon-40x40.gif 40w\" sizes=\"(max-width: 50px) 100vw, 50px\" \/><\/a><\/figure>\n<\/div><\/div>\n\n\n\n<div class=\"wp-block-group\"><div class=\"wp-block-group__inner-container\">\n<p>FIGUEIREDO, D\u00eania Cristina Miranda. <strong>O uso da matem\u00e1tica em uma feira livre de agricultores familiares da cidade do Serro, MG<\/strong>. 2020. [] f. Trabalho de Conclus\u00e3o de Curso (Licenciatura em Educa\u00e7\u00e3o do Campo, Habilita\u00e7\u00e3o em Matem\u00e1tica.) \u2013 Faculdade de Educa\u00e7\u00e3o, Universidade Federal de Minas Gerais, Belo Horizonte, 2020. Orientador: Mateus de Moraes Servilha.<br><strong>OBS<\/strong>: N\u00e3o h\u00e1 acesso ao texto completo<\/p>\n\n\n\n<figure class=\"wp-block-image size-full\"><a href=\"https:\/\/www.fae.ufmg.br\/biblioteca\/wp-content\/uploads\/sites\/7\/2022\/11\/Denia.pdf\"><img loading=\"lazy\" width=\"50\" height=\"50\" src=\"https:\/\/www.fae.ufmg.br\/biblioteca\/wp-content\/uploads\/sites\/7\/2022\/10\/pdf-download-icon.gif\" alt=\"\" class=\"wp-image-1053\" srcset=\"https:\/\/www.fae.ufmg.br\/biblioteca\/wp-content\/uploads\/sites\/7\/2022\/10\/pdf-download-icon.gif 50w, https:\/\/www.fae.ufmg.br\/biblioteca\/wp-content\/uploads\/sites\/7\/2022\/10\/pdf-download-icon-40x40.gif 40w\" sizes=\"(max-width: 50px) 100vw, 50px\" \/><\/a><\/figure>\n<\/div><\/div>\n\n\n\n<div class=\"wp-block-group\"><div class=\"wp-block-group__inner-container\">\n<p>LISBOA, Rafaela Santos. <strong>Saberes matem\u00e1ticos e di\u00e1logos intergeracionais presentes na produ\u00e7\u00e3o da farinha de mandioca e do polvilho por uma fam\u00edlia da comunidade geraizeira de Vereda Funda, Rio Pardo de Minas\/ MG<\/strong>. 2020. 109 f. Trabalho de Conclus\u00e3o de Curso (Licenciatura em Educa\u00e7\u00e3o do Campo, Habilita\u00e7\u00e3o em Matem\u00e1tica.) \u2013 Faculdade de Educa\u00e7\u00e3o, Universidade Federal de Minas Gerais, Belo Horizonte, 2020. Orientadora: \u00c1lida Ang\u00e9lica Alves Leal. <\/p>\n\n\n\n<figure class=\"wp-block-image size-full\"><a href=\"https:\/\/www.fae.ufmg.br\/biblioteca\/wp-content\/uploads\/sites\/7\/2022\/10\/TCC-Rafaela-Matematica-FINAL.pdf\"><img loading=\"lazy\" width=\"50\" height=\"50\" src=\"https:\/\/www.fae.ufmg.br\/biblioteca\/wp-content\/uploads\/sites\/7\/2022\/10\/pdf-download-icon.gif\" alt=\"\" class=\"wp-image-1053\" srcset=\"https:\/\/www.fae.ufmg.br\/biblioteca\/wp-content\/uploads\/sites\/7\/2022\/10\/pdf-download-icon.gif 50w, https:\/\/www.fae.ufmg.br\/biblioteca\/wp-content\/uploads\/sites\/7\/2022\/10\/pdf-download-icon-40x40.gif 40w\" sizes=\"(max-width: 50px) 100vw, 50px\" \/><\/a><\/figure>\n<\/div><\/div>\n\n\n\n<div class=\"wp-block-group\"><div class=\"wp-block-group__inner-container\">\n<p>MENDANHA, Raquel Moreira. <strong>O assentamento Hebert de Souza (Paracatu, MG)<\/strong>: hist\u00f3rias, modos de vida e pr\u00e1ticas matem\u00e1ticas. 2020. 81 f. Trabalho de Conclus\u00e3o de Curso (Licenciatura em Educa\u00e7\u00e3o do Campo, Habilita\u00e7\u00e3o em Matem\u00e1tica.) \u2013 Faculdade de Educa\u00e7\u00e3o, Universidade Federal de Minas Gerais, Belo Horizonte, 2020. Orientador: Filipe Santos Fernandes. <\/p>\n\n\n\n<figure class=\"wp-block-image size-full\"><a href=\"https:\/\/www.fae.ufmg.br\/biblioteca\/wp-content\/uploads\/sites\/7\/2022\/10\/TCC_RAQUEL-Pronto.pdf\"><img loading=\"lazy\" width=\"50\" height=\"50\" src=\"https:\/\/www.fae.ufmg.br\/biblioteca\/wp-content\/uploads\/sites\/7\/2022\/10\/pdf-download-icon.gif\" alt=\"\" class=\"wp-image-1053\" srcset=\"https:\/\/www.fae.ufmg.br\/biblioteca\/wp-content\/uploads\/sites\/7\/2022\/10\/pdf-download-icon.gif 50w, https:\/\/www.fae.ufmg.br\/biblioteca\/wp-content\/uploads\/sites\/7\/2022\/10\/pdf-download-icon-40x40.gif 40w\" sizes=\"(max-width: 50px) 100vw, 50px\" \/><\/a><\/figure>\n<\/div><\/div>\n\n\n\n<div class=\"wp-block-group\"><div class=\"wp-block-group__inner-container\">\n<p>MENDES, Dener Dias. <strong>A produ\u00e7\u00e3o do coquinho (Buti\u00e1 capitata) do cerrado<\/strong>: saberes matem\u00e1ticos de uma fam\u00edlia geraizeira da comunidade Ribeir\u00e3o do Moreira em Rio Pardo de Minas (MG). 2020. 51 f. Trabalho de Conclus\u00e3o de Curso (Licenciatura em Educa\u00e7\u00e3o do Campo, Habilita\u00e7\u00e3o em Matem\u00e1tica.) \u2013 Faculdade de Educa\u00e7\u00e3o, Universidade Federal de Minas Gerais, Belo Horizonte, 2020. Orientador: Wagner Ahmad Auarek. <\/p>\n\n\n\n<figure class=\"wp-block-image size-full\"><a href=\"https:\/\/www.fae.ufmg.br\/biblioteca\/wp-content\/uploads\/sites\/7\/2022\/10\/DENER-DIAS-MENDES-TCC.pdf\"><img loading=\"lazy\" width=\"50\" height=\"50\" src=\"https:\/\/www.fae.ufmg.br\/biblioteca\/wp-content\/uploads\/sites\/7\/2022\/10\/pdf-download-icon.gif\" alt=\"\" class=\"wp-image-1053\" srcset=\"https:\/\/www.fae.ufmg.br\/biblioteca\/wp-content\/uploads\/sites\/7\/2022\/10\/pdf-download-icon.gif 50w, https:\/\/www.fae.ufmg.br\/biblioteca\/wp-content\/uploads\/sites\/7\/2022\/10\/pdf-download-icon-40x40.gif 40w\" sizes=\"(max-width: 50px) 100vw, 50px\" \/><\/a><\/figure>\n<\/div><\/div>\n\n\n\n<div class=\"wp-block-group\"><div class=\"wp-block-group__inner-container\">\n<p>OLIVEIRA, Ang\u00e9lica de. <strong>\u201cSe num f\u00f4 assim num d\u00e1 o litro de gordura certin\u201d<\/strong>: pr\u00e1ticas de numeramento na produ\u00e7\u00e3o do \u00f3leo de pequi na comunidade geraizeira de Baixa Grande \u2013 Rio Pardo de Minas (MG). 2020. 59 f. Trabalho de Conclus\u00e3o de Curso (Licenciatura em Educa\u00e7\u00e3o do Campo, Habilita\u00e7\u00e3o em Matem\u00e1tica.) \u2013 Faculdade de Educa\u00e7\u00e3o, Universidade Federal de Minas Gerais, Belo Horizonte, 2020. Orientadora: Maria da Concei\u00e7\u00e3o Ferreira Reis Fonseca. <\/p>\n\n\n\n<figure class=\"wp-block-image size-full\"><a href=\"https:\/\/www.fae.ufmg.br\/biblioteca\/wp-content\/uploads\/sites\/7\/2022\/10\/Angelica_Monografia_Versao_Final_posdefesa_corrigido.pdf\"><img loading=\"lazy\" width=\"50\" height=\"50\" src=\"https:\/\/www.fae.ufmg.br\/biblioteca\/wp-content\/uploads\/sites\/7\/2022\/10\/pdf-download-icon.gif\" alt=\"\" class=\"wp-image-1053\" srcset=\"https:\/\/www.fae.ufmg.br\/biblioteca\/wp-content\/uploads\/sites\/7\/2022\/10\/pdf-download-icon.gif 50w, https:\/\/www.fae.ufmg.br\/biblioteca\/wp-content\/uploads\/sites\/7\/2022\/10\/pdf-download-icon-40x40.gif 40w\" sizes=\"(max-width: 50px) 100vw, 50px\" \/><\/a><\/figure>\n<\/div><\/div>\n\n\n\n<div class=\"wp-block-group\"><div class=\"wp-block-group__inner-container\">\n<p>PAIX\u00c3O, Lucina Soares da. <strong>Pr\u00e1ticas de numeramento na atividade comercial<\/strong>: o uso do prato de medida na feira livre de Itaobim (MG). 2020. 80 f. Trabalho de Conclus\u00e3o de Curso (Licenciatura em Educa\u00e7\u00e3o do Campo, Habilita\u00e7\u00e3o em Matem\u00e1tica.) \u2013 Faculdade de Educa\u00e7\u00e3o, Universidade Federal de Minas Gerais, Belo Horizonte, 2020. Orientadora: Fl\u00e1via Cristina Duarte P\u00f4ssas Grossi. <\/p>\n\n\n\n<figure class=\"wp-block-image size-full\"><a href=\"https:\/\/www.fae.ufmg.br\/biblioteca\/wp-content\/uploads\/sites\/7\/2022\/10\/TCC-LECAMPO-LUCINA-VERS.-FINAL.pdf\"><img loading=\"lazy\" width=\"50\" height=\"50\" src=\"https:\/\/www.fae.ufmg.br\/biblioteca\/wp-content\/uploads\/sites\/7\/2022\/10\/pdf-download-icon.gif\" alt=\"\" class=\"wp-image-1053\" srcset=\"https:\/\/www.fae.ufmg.br\/biblioteca\/wp-content\/uploads\/sites\/7\/2022\/10\/pdf-download-icon.gif 50w, https:\/\/www.fae.ufmg.br\/biblioteca\/wp-content\/uploads\/sites\/7\/2022\/10\/pdf-download-icon-40x40.gif 40w\" sizes=\"(max-width: 50px) 100vw, 50px\" \/><\/a><\/figure>\n<\/div><\/div>\n\n\n\n<div class=\"wp-block-group\"><div class=\"wp-block-group__inner-container\">\n<p>PEREIRA, Taiane Rodrigues. <strong>O Ensino de matem\u00e1tica em turma multisseriada, dos anos iniciais, de uma escola do campo<\/strong>. 2020. 53 f. Trabalho de Conclus\u00e3o de Curso (Licenciatura em Educa\u00e7\u00e3o do Campo, Habilita\u00e7\u00e3o em Matem\u00e1tica.) \u2013 Faculdade de Educa\u00e7\u00e3o, Universidade Federal de Minas Gerais, Belo Horizonte, 2020. Orientadora: Aliene Ara\u00fajo Villa\u00e7a. <\/p>\n\n\n\n<figure class=\"wp-block-image size-full\"><a href=\"https:\/\/www.fae.ufmg.br\/biblioteca\/wp-content\/uploads\/sites\/7\/2022\/10\/tcc-taiane-rodrigues-lecampo-matematica.pdf\"><img loading=\"lazy\" width=\"50\" height=\"50\" src=\"https:\/\/www.fae.ufmg.br\/biblioteca\/wp-content\/uploads\/sites\/7\/2022\/10\/pdf-download-icon.gif\" alt=\"\" class=\"wp-image-1053\" srcset=\"https:\/\/www.fae.ufmg.br\/biblioteca\/wp-content\/uploads\/sites\/7\/2022\/10\/pdf-download-icon.gif 50w, https:\/\/www.fae.ufmg.br\/biblioteca\/wp-content\/uploads\/sites\/7\/2022\/10\/pdf-download-icon-40x40.gif 40w\" sizes=\"(max-width: 50px) 100vw, 50px\" \/><\/a><\/figure>\n<\/div><\/div>\n\n\n\n<div class=\"wp-block-group\"><div class=\"wp-block-group__inner-container\">\n<p>QUEIROZ, Fernando Soares de. <strong>Descrevendo matematicamente pr\u00e1ticas presentes na planta\u00e7\u00e3o de vazantes do rio S\u00e3o Francisco na comunidade de Nova Aparecida (Icara\u00ed de Minas, MG)<\/strong>. 2020. 69 f. Trabalho de Conclus\u00e3o de Curso (Licenciatura em Educa\u00e7\u00e3o do Campo, Habilita\u00e7\u00e3o em Matem\u00e1tica.) \u2013 Faculdade de Educa\u00e7\u00e3o, Universidade Federal de Minas Gerais, Belo Horizonte, 2020. Orientador: Filipe Santos Fernandes. <\/p>\n\n\n\n<figure class=\"wp-block-image size-full\"><a href=\"https:\/\/www.fae.ufmg.br\/biblioteca\/wp-content\/uploads\/sites\/7\/2022\/10\/TCC-Fernando-VERSAO-FINAL.pdf\"><img loading=\"lazy\" width=\"50\" height=\"50\" src=\"https:\/\/www.fae.ufmg.br\/biblioteca\/wp-content\/uploads\/sites\/7\/2022\/10\/pdf-download-icon.gif\" alt=\"\" class=\"wp-image-1053\" srcset=\"https:\/\/www.fae.ufmg.br\/biblioteca\/wp-content\/uploads\/sites\/7\/2022\/10\/pdf-download-icon.gif 50w, https:\/\/www.fae.ufmg.br\/biblioteca\/wp-content\/uploads\/sites\/7\/2022\/10\/pdf-download-icon-40x40.gif 40w\" sizes=\"(max-width: 50px) 100vw, 50px\" \/><\/a><\/figure>\n<\/div><\/div>\n\n\n\n<div class=\"wp-block-group\"><div class=\"wp-block-group__inner-container\">\n<p>ROCHA, Cleuves Samuel Alves da. <strong>Saberes matem\u00e1ticos na pr\u00e1tica de silagem da fazenda Santa Helena- Icara\u00ed de Minas<\/strong>. 2020. 68 f. Trabalho de Conclus\u00e3o de Curso (Licenciatura em Educa\u00e7\u00e3o do Campo, Habilita\u00e7\u00e3o em Matem\u00e1tica.) \u2013 Faculdade de Educa\u00e7\u00e3o, Universidade Federal de Minas Gerais, Belo Horizonte, 2020. Orientadora: Vanessa Sena Tomaz. <\/p>\n\n\n\n<figure class=\"wp-block-image size-full\"><a href=\"https:\/\/www.fae.ufmg.br\/biblioteca\/wp-content\/uploads\/sites\/7\/2022\/10\/Monografia-Cleuves-Samuel.pdf\"><img loading=\"lazy\" width=\"50\" height=\"50\" src=\"https:\/\/www.fae.ufmg.br\/biblioteca\/wp-content\/uploads\/sites\/7\/2022\/10\/pdf-download-icon.gif\" alt=\"\" class=\"wp-image-1053\" srcset=\"https:\/\/www.fae.ufmg.br\/biblioteca\/wp-content\/uploads\/sites\/7\/2022\/10\/pdf-download-icon.gif 50w, https:\/\/www.fae.ufmg.br\/biblioteca\/wp-content\/uploads\/sites\/7\/2022\/10\/pdf-download-icon-40x40.gif 40w\" sizes=\"(max-width: 50px) 100vw, 50px\" \/><\/a><\/figure>\n<\/div><\/div>\n\n\n\n<div class=\"wp-block-group\"><div class=\"wp-block-group__inner-container\">\n<p>RODRIGUES FILHA, Amanda. <strong>O campo e suas pr\u00e1ticas de aprender e ensinar<\/strong>: construindo narrativas sobre o Grupo Escolar no munic\u00edpio de Icara\u00ed de Minas (MG) nos entornos da d\u00e9cada de 1960. 2020. 70 f. Trabalho de Conclus\u00e3o de Curso (Licenciatura em Educa\u00e7\u00e3o do Campo, Habilita\u00e7\u00e3o em Matem\u00e1tica.) \u2013 Faculdade de Educa\u00e7\u00e3o, Universidade Federal de Minas Gerais, Belo Horizonte, 2020. Orientador: Filipe Santos Fernandes. Acesso ao texto completo<\/p>\n\n\n\n<figure class=\"wp-block-image size-full\"><a href=\"https:\/\/www.fae.ufmg.br\/biblioteca\/wp-content\/uploads\/sites\/7\/2022\/10\/TCC-FINAL_AMANDA.pdf\"><img loading=\"lazy\" width=\"50\" height=\"50\" src=\"https:\/\/www.fae.ufmg.br\/biblioteca\/wp-content\/uploads\/sites\/7\/2022\/10\/pdf-download-icon.gif\" alt=\"\" class=\"wp-image-1053\" srcset=\"https:\/\/www.fae.ufmg.br\/biblioteca\/wp-content\/uploads\/sites\/7\/2022\/10\/pdf-download-icon.gif 50w, https:\/\/www.fae.ufmg.br\/biblioteca\/wp-content\/uploads\/sites\/7\/2022\/10\/pdf-download-icon-40x40.gif 40w\" sizes=\"(max-width: 50px) 100vw, 50px\" \/><\/a><\/figure>\n<\/div><\/div>\n\n\n\n<div class=\"wp-block-group\"><div class=\"wp-block-group__inner-container\">\n<p>ROSA, Roseni de F\u00e1tima. <strong>A avalia\u00e7\u00e3o educacional sist\u00eamica (SIMAVE) em uma escola do campo<\/strong>: perspectivas e desafios. 2020. 131 f. Trabalho de Conclus\u00e3o de Curso (Licenciatura em Educa\u00e7\u00e3o do Campo, Habilita\u00e7\u00e3o em Matem\u00e1tica.) \u2013 Faculdade de Educa\u00e7\u00e3o, Universidade Federal de Minas Gerais, Belo Horizonte, 2020. Orientadora: Penha Souza Silva. <\/p>\n\n\n\n<figure class=\"wp-block-image size-full\"><a href=\"https:\/\/www.fae.ufmg.br\/biblioteca\/wp-content\/uploads\/sites\/7\/2022\/10\/Roseni.pdf\"><img loading=\"lazy\" width=\"50\" height=\"50\" src=\"https:\/\/www.fae.ufmg.br\/biblioteca\/wp-content\/uploads\/sites\/7\/2022\/10\/pdf-download-icon.gif\" alt=\"\" class=\"wp-image-1053\" srcset=\"https:\/\/www.fae.ufmg.br\/biblioteca\/wp-content\/uploads\/sites\/7\/2022\/10\/pdf-download-icon.gif 50w, https:\/\/www.fae.ufmg.br\/biblioteca\/wp-content\/uploads\/sites\/7\/2022\/10\/pdf-download-icon-40x40.gif 40w\" sizes=\"(max-width: 50px) 100vw, 50px\" \/><\/a><\/figure>\n<\/div><\/div>\n\n\n\n<div class=\"wp-block-group\"><div class=\"wp-block-group__inner-container\">\n<p>SANTOS, Gabriel de Souza. <strong>Jogo Buss e o fortalecimento da hist\u00f3ria da comunidade Santa Rosa nas aulas de Matem\u00e1tica<\/strong>. 2020. 48 f. Trabalho de Conclus\u00e3o de Curso (Licenciatura em Educa\u00e7\u00e3o do Campo, Habilita\u00e7\u00e3o em Matem\u00e1tica.) \u2013 Faculdade de Educa\u00e7\u00e3o, Universidade Federal de Minas Gerais, Belo Horizonte, 2020. Orientadora: Keli Cristina Conti. <\/p>\n\n\n\n<figure class=\"wp-block-image size-full\"><a href=\"https:\/\/www.fae.ufmg.br\/biblioteca\/wp-content\/uploads\/sites\/7\/2022\/10\/TCC_GABRIEL_SOUZA.pdf\"><img loading=\"lazy\" width=\"50\" height=\"50\" src=\"https:\/\/www.fae.ufmg.br\/biblioteca\/wp-content\/uploads\/sites\/7\/2022\/10\/pdf-download-icon.gif\" alt=\"\" class=\"wp-image-1053\" srcset=\"https:\/\/www.fae.ufmg.br\/biblioteca\/wp-content\/uploads\/sites\/7\/2022\/10\/pdf-download-icon.gif 50w, https:\/\/www.fae.ufmg.br\/biblioteca\/wp-content\/uploads\/sites\/7\/2022\/10\/pdf-download-icon-40x40.gif 40w\" sizes=\"(max-width: 50px) 100vw, 50px\" \/><\/a><\/figure>\n<\/div><\/div>\n\n\n\n<div class=\"wp-block-group\"><div class=\"wp-block-group__inner-container\">\n<p>XAVIER, Saulo Antunes. <strong>Pr\u00e1ticas matem\u00e1ticas na produ\u00e7\u00e3o de farinha no contexto de uma fam\u00edlia da comunidade Brejinho do S\u00e3o Camilo em Rio Pardo de Minas<\/strong>. 2020. 59 f. Trabalho de Conclus\u00e3o de Curso (Licenciatura em Educa\u00e7\u00e3o do Campo, Habilita\u00e7\u00e3o em Matem\u00e1tica.) \u2013 Faculdade de Educa\u00e7\u00e3o, Universidade Federal de Minas Gerais, Belo Horizonte, 2020. Orientadora: Ilaine da Silva Campos. <\/p>\n\n\n\n<div class=\"wp-block-image\"><figure class=\"alignleft size-full is-resized\"><a href=\"https:\/\/www.fae.ufmg.br\/biblioteca\/wp-content\/uploads\/sites\/7\/2022\/10\/TCC-Saulo-Lecampo.pdf\"><img loading=\"lazy\" src=\"https:\/\/www.fae.ufmg.br\/biblioteca\/wp-content\/uploads\/sites\/7\/2022\/10\/pdf-download-icon.gif\" alt=\"\" class=\"wp-image-1053\" width=\"58\" height=\"58\" srcset=\"https:\/\/www.fae.ufmg.br\/biblioteca\/wp-content\/uploads\/sites\/7\/2022\/10\/pdf-download-icon.gif 50w, https:\/\/www.fae.ufmg.br\/biblioteca\/wp-content\/uploads\/sites\/7\/2022\/10\/pdf-download-icon-40x40.gif 40w\" sizes=\"(max-width: 58px) 100vw, 58px\" \/><\/a><\/figure><\/div>\n\n\n\n<p><\/p>\n<\/div><\/div>\n","protected":false},"excerpt":{"rendered":"<p>Trabalhos de conclus\u00e3o de curso dos alunos do curso de Licenciatura em Educa\u00e7\u00e3o do Campo (LECAMPO) do ano de 2020 ALMEIDA, Josiane Ramalho de. Mulheres do campo: trajet\u00f3rias e lutas em meio a rosas e espinhos. 2020. 109 f. Trabalho de Conclus\u00e3o de Curso (Licenciatura em Educa\u00e7\u00e3o do Campo, Habilita\u00e7\u00e3o em Matem\u00e1tica.) \u2013 Faculdade de Educa\u00e7\u00e3o, Universidade Federal de Minas Gerais, Belo Horizonte, 2020. Orientadora: Gleice Aparecida de Moraes Lima. COUTINHO, Eliziara Pereira. \u201cN\u00e3o precisa pensar que \u00e9 coisa com coisa, porque, n\u00e3o \u00e9 coisa com coisa n\u00e3o!\u201d: pr\u00e1ticas de numeramento na produ\u00e7\u00e3o do chap\u00e9u de palha de coqueiro indai\u00e1\u2026<\/p>\n","protected":false},"author":21,"featured_media":0,"parent":1014,"menu_order":0,"comment_status":"closed","ping_status":"closed","template":"","meta":[],"blocksy_meta":{"styles_descriptor":{"styles":{"desktop":"","tablet":"","mobile":""},"google_fonts":[]}},"_links":{"self":[{"href":"https:\/\/www.fae.ufmg.br\/biblioteca\/wp-json\/wp\/v2\/pages\/1016"}],"collection":[{"href":"https:\/\/www.fae.ufmg.br\/biblioteca\/wp-json\/wp\/v2\/pages"}],"about":[{"href":"https:\/\/www.fae.ufmg.br\/biblioteca\/wp-json\/wp\/v2\/types\/page"}],"author":[{"embeddable":true,"href":"https:\/\/www.fae.ufmg.br\/biblioteca\/wp-json\/wp\/v2\/users\/21"}],"replies":[{"embeddable":true,"href":"https:\/\/www.fae.ufmg.br\/biblioteca\/wp-json\/wp\/v2\/comments?post=1016"}],"version-history":[{"count":10,"href":"https:\/\/www.fae.ufmg.br\/biblioteca\/wp-json\/wp\/v2\/pages\/1016\/revisions"}],"predecessor-version":[{"id":1080,"href":"https:\/\/www.fae.ufmg.br\/biblioteca\/wp-json\/wp\/v2\/pages\/1016\/revisions\/1080"}],"up":[{"embeddable":true,"href":"https:\/\/www.fae.ufmg.br\/biblioteca\/wp-json\/wp\/v2\/pages\/1014"}],"wp:attachment":[{"href":"https:\/\/www.fae.ufmg.br\/biblioteca\/wp-json\/wp\/v2\/media?parent=1016"}],"curies":[{"name":"wp","href":"https:\/\/api.w.org\/{rel}","templated":true}]}}