{"id":1014,"date":"2022-10-24T12:18:10","date_gmt":"2022-10-24T15:18:10","guid":{"rendered":"https:\/\/www.fae.ufmg.br\/biblioteca\/?page_id=1014"},"modified":"2024-08-28T08:58:47","modified_gmt":"2024-08-28T11:58:47","slug":"monografias-do-lecampo","status":"publish","type":"page","link":"https:\/\/www.fae.ufmg.br\/biblioteca\/recursos-online\/monografias-do-lecampo\/","title":{"rendered":"Monografias do LECAMPO"},"content":{"rendered":"\n<p>Rela\u00e7\u00e3o dos trabalhos de conclus\u00e3o de curso apresentados pelos alunos do curso de Licenciatura em Educa\u00e7\u00e3o do Campo &#8211; LECAMPO, oferecido pela Faculdade de Educa\u00e7\u00e3o da UFMG.<\/p>\n\n\n\n<div class=\"wp-block-buttons\">\n<div class=\"wp-block-button\"><a class=\"wp-block-button__link\" href=\"https:\/\/www.fae.ufmg.br\/biblioteca\/2020-lecampo\/\">2020<\/a><\/div>\n\n\n\n<div class=\"wp-block-button\"><a class=\"wp-block-button__link\" href=\"https:\/\/www.fae.ufmg.br\/biblioteca\/2020-lecampo\/\">Refer\u00eancias com texto completo<\/a><\/div>\n<\/div>\n\n\n\n<div class=\"wp-block-buttons\">\n<div class=\"wp-block-button\"><a class=\"wp-block-button__link\" href=\"https:\/\/www.fae.ufmg.br\/biblioteca\/recursos-online\/monografias-do-lecampo\/2023-lecampo\/\">2023<\/a><\/div>\n\n\n\n<div class=\"wp-block-button\"><a class=\"wp-block-button__link\" href=\"https:\/\/www.fae.ufmg.br\/biblioteca\/recursos-online\/monografias-do-lecampo\/2023-lecampo\/\">Refer\u00eancias com texto completo<\/a><\/div>\n<\/div>\n\n\n\n<p><\/p>\n","protected":false},"excerpt":{"rendered":"<p>Rela\u00e7\u00e3o dos trabalhos de conclus\u00e3o de curso apresentados pelos alunos do curso de Licenciatura em Educa\u00e7\u00e3o do Campo &#8211; LECAMPO, oferecido pela Faculdade de Educa\u00e7\u00e3o da UFMG.<\/p>\n","protected":false},"author":21,"featured_media":0,"parent":41,"menu_order":0,"comment_status":"closed","ping_status":"closed","template":"","meta":[],"blocksy_meta":{"styles_descriptor":{"styles":{"desktop":"","tablet":"","mobile":""},"google_fonts":[]}},"_links":{"self":[{"href":"https:\/\/www.fae.ufmg.br\/biblioteca\/wp-json\/wp\/v2\/pages\/1014"}],"collection":[{"href":"https:\/\/www.fae.ufmg.br\/biblioteca\/wp-json\/wp\/v2\/pages"}],"about":[{"href":"https:\/\/www.fae.ufmg.br\/biblioteca\/wp-json\/wp\/v2\/types\/page"}],"author":[{"embeddable":true,"href":"https:\/\/www.fae.ufmg.br\/biblioteca\/wp-json\/wp\/v2\/users\/21"}],"replies":[{"embeddable":true,"href":"https:\/\/www.fae.ufmg.br\/biblioteca\/wp-json\/wp\/v2\/comments?post=1014"}],"version-history":[{"count":3,"href":"https:\/\/www.fae.ufmg.br\/biblioteca\/wp-json\/wp\/v2\/pages\/1014\/revisions"}],"predecessor-version":[{"id":1436,"href":"https:\/\/www.fae.ufmg.br\/biblioteca\/wp-json\/wp\/v2\/pages\/1014\/revisions\/1436"}],"up":[{"embeddable":true,"href":"https:\/\/www.fae.ufmg.br\/biblioteca\/wp-json\/wp\/v2\/pages\/41"}],"wp:attachment":[{"href":"https:\/\/www.fae.ufmg.br\/biblioteca\/wp-json\/wp\/v2\/media?parent=1014"}],"curies":[{"name":"wp","href":"https:\/\/api.w.org\/{rel}","templated":true}]}}